{"id":6873,"date":"2026-03-20T19:45:45","date_gmt":"2026-03-20T17:45:45","guid":{"rendered":"https:\/\/shifton.local\/api-lt\/"},"modified":"2026-04-11T03:06:49","modified_gmt":"2026-04-11T00:06:49","slug":"api-lt","status":"publish","type":"page","link":"https:\/\/shifton.com\/service\/lt\/api-lt\/","title":{"rendered":"API dokumentacija"},"content":{"rendered":"","protected":false},"excerpt":{"rendered":"","protected":false},"author":0,"featured_media":0,"parent":0,"menu_order":0,"comment_status":"closed","ping_status":"closed","template":"page-api.php","meta":{"_seopress_robots_primary_cat":"","_seopress_titles_title":"Lauko paslaug\u0173 API dokumentacija","_seopress_titles_desc":"REST API dokumentacija lauko paslaug\u0173 valdymui \u2014 integruokite planavim\u0105, paskirstym\u0105, GPS sekim\u0105, darb\u0173 valdym\u0105 ir darbo j\u0117gos \u012frankius.","_seopress_robots_index":"","footnotes":""},"class_list":["post-6873","page","type-page","status-publish","hentry"],"lang":"lt","translations":{"lt":6873,"en":6838,"de":6839,"es":6840,"fr":6841,"it":6842,"pt":6843,"nl":6844,"pl":6845,"ru":6846,"uk":6847,"tr":6848,"ar":6849,"he":6850,"zh":6851,"ja":6852,"ko":6853,"hi":6854,"bn":6855,"th":6856,"vi":6857,"id":6858,"tl":6859,"sv":6860,"nb":6861,"da":6862,"fi":6863,"cs":6864,"sk":6865,"hu":6866,"ro":6867,"bg":6868,"hr":6869,"sl":6870,"et":6871,"lv":6872,"el":6874,"mk":6875,"kk":6876,"az":6877,"af":6878},"pll_sync_post":[],"_links":{"self":[{"href":"https:\/\/shifton.com\/service\/wp-json\/wp\/v2\/pages\/6873","targetHints":{"allow":["GET"]}}],"collection":[{"href":"https:\/\/shifton.com\/service\/wp-json\/wp\/v2\/pages"}],"about":[{"href":"https:\/\/shifton.com\/service\/wp-json\/wp\/v2\/types\/page"}],"replies":[{"embeddable":true,"href":"https:\/\/shifton.com\/service\/wp-json\/wp\/v2\/comments?post=6873"}],"version-history":[{"count":0,"href":"https:\/\/shifton.com\/service\/wp-json\/wp\/v2\/pages\/6873\/revisions"}],"wp:attachment":[{"href":"https:\/\/shifton.com\/service\/wp-json\/wp\/v2\/media?parent=6873"}],"curies":[{"name":"wp","href":"https:\/\/api.w.org\/{rel}","templated":true}]}}