{"id":6865,"date":"2026-03-20T19:45:45","date_gmt":"2026-03-20T17:45:45","guid":{"rendered":"https:\/\/shifton.local\/api-sk\/"},"modified":"2026-04-11T03:06:50","modified_gmt":"2026-04-11T00:06:50","slug":"api-sk","status":"publish","type":"page","link":"https:\/\/shifton.com\/service\/sk\/api-sk\/","title":{"rendered":"Dokument\u00e1cia API"},"content":{"rendered":"","protected":false},"excerpt":{"rendered":"","protected":false},"author":0,"featured_media":0,"parent":0,"menu_order":0,"comment_status":"closed","ping_status":"closed","template":"page-api.php","meta":{"_seopress_robots_primary_cat":"","_seopress_titles_title":"Shifton API dokument\u00e1cia pre ter\u00e9nne slu\u017eby","_seopress_titles_desc":"Dokument\u00e1cia REST API pre riadenie ter\u00e9nnych slu\u017eieb \u2014 integrujte pl\u00e1novanie, pride\u013eovanie, GPS sledovanie, spr\u00e1vu \u00faloh a n\u00e1stroje pre pracovn\u00fa silu.","_seopress_robots_index":"","footnotes":""},"class_list":["post-6865","page","type-page","status-publish","hentry"],"lang":"sk","translations":{"sk":6865,"en":6838,"de":6839,"es":6840,"fr":6841,"it":6842,"pt":6843,"nl":6844,"pl":6845,"ru":6846,"uk":6847,"tr":6848,"ar":6849,"he":6850,"zh":6851,"ja":6852,"ko":6853,"hi":6854,"bn":6855,"th":6856,"vi":6857,"id":6858,"tl":6859,"sv":6860,"nb":6861,"da":6862,"fi":6863,"cs":6864,"hu":6866,"ro":6867,"bg":6868,"hr":6869,"sl":6870,"et":6871,"lv":6872,"lt":6873,"el":6874,"mk":6875,"kk":6876,"az":6877,"af":6878},"pll_sync_post":[],"_links":{"self":[{"href":"https:\/\/shifton.com\/service\/wp-json\/wp\/v2\/pages\/6865","targetHints":{"allow":["GET"]}}],"collection":[{"href":"https:\/\/shifton.com\/service\/wp-json\/wp\/v2\/pages"}],"about":[{"href":"https:\/\/shifton.com\/service\/wp-json\/wp\/v2\/types\/page"}],"replies":[{"embeddable":true,"href":"https:\/\/shifton.com\/service\/wp-json\/wp\/v2\/comments?post=6865"}],"version-history":[{"count":0,"href":"https:\/\/shifton.com\/service\/wp-json\/wp\/v2\/pages\/6865\/revisions"}],"wp:attachment":[{"href":"https:\/\/shifton.com\/service\/wp-json\/wp\/v2\/media?parent=6865"}],"curies":[{"name":"wp","href":"https:\/\/api.w.org\/{rel}","templated":true}]}}