{"id":6864,"date":"2026-03-20T19:45:45","date_gmt":"2026-03-20T17:45:45","guid":{"rendered":"https:\/\/shifton.local\/api-cs\/"},"modified":"2026-04-11T03:06:46","modified_gmt":"2026-04-11T00:06:46","slug":"api-cs","status":"publish","type":"page","link":"https:\/\/shifton.com\/service\/cs\/api-cs\/","title":{"rendered":"Dokumentace API"},"content":{"rendered":"","protected":false},"excerpt":{"rendered":"","protected":false},"author":0,"featured_media":0,"parent":0,"menu_order":0,"comment_status":"closed","ping_status":"closed","template":"page-api.php","meta":{"_seopress_robots_primary_cat":"","_seopress_titles_title":"Shifton API dokumentace pro ter\u00e9nn\u00ed slu\u017eby","_seopress_titles_desc":"Dokumentace REST API pro \u0159\u00edzen\u00ed ter\u00e9nn\u00edch slu\u017eeb \u2014 integrujte pl\u00e1nov\u00e1n\u00ed, dispe\u010dink, GPS sledov\u00e1n\u00ed, spr\u00e1vu zak\u00e1zek a n\u00e1stroje pro pracovn\u00ed s\u00edlu.","_seopress_robots_index":"","footnotes":""},"class_list":["post-6864","page","type-page","status-publish","hentry"],"lang":"cs","translations":{"cs":6864,"en":6838,"de":6839,"es":6840,"fr":6841,"it":6842,"pt":6843,"nl":6844,"pl":6845,"ru":6846,"uk":6847,"tr":6848,"ar":6849,"he":6850,"zh":6851,"ja":6852,"ko":6853,"hi":6854,"bn":6855,"th":6856,"vi":6857,"id":6858,"tl":6859,"sv":6860,"nb":6861,"da":6862,"fi":6863,"sk":6865,"hu":6866,"ro":6867,"bg":6868,"hr":6869,"sl":6870,"et":6871,"lv":6872,"lt":6873,"el":6874,"mk":6875,"kk":6876,"az":6877,"af":6878},"pll_sync_post":[],"_links":{"self":[{"href":"https:\/\/shifton.com\/service\/wp-json\/wp\/v2\/pages\/6864","targetHints":{"allow":["GET"]}}],"collection":[{"href":"https:\/\/shifton.com\/service\/wp-json\/wp\/v2\/pages"}],"about":[{"href":"https:\/\/shifton.com\/service\/wp-json\/wp\/v2\/types\/page"}],"replies":[{"embeddable":true,"href":"https:\/\/shifton.com\/service\/wp-json\/wp\/v2\/comments?post=6864"}],"version-history":[{"count":0,"href":"https:\/\/shifton.com\/service\/wp-json\/wp\/v2\/pages\/6864\/revisions"}],"wp:attachment":[{"href":"https:\/\/shifton.com\/service\/wp-json\/wp\/v2\/media?parent=6864"}],"curies":[{"name":"wp","href":"https:\/\/api.w.org\/{rel}","templated":true}]}}