{"id":6848,"date":"2026-03-20T19:45:44","date_gmt":"2026-03-20T17:45:44","guid":{"rendered":"https:\/\/shifton.local\/api-tr\/"},"modified":"2026-04-11T03:06:51","modified_gmt":"2026-04-11T00:06:51","slug":"api-tr","status":"publish","type":"page","link":"https:\/\/shifton.com\/service\/tr\/api-tr\/","title":{"rendered":"API Dok\u00fcmantasyonu"},"content":{"rendered":"","protected":false},"excerpt":{"rendered":"","protected":false},"author":0,"featured_media":0,"parent":0,"menu_order":0,"comment_status":"closed","ping_status":"closed","template":"page-api.php","meta":{"_seopress_robots_primary_cat":"","_seopress_titles_title":"Saha Servis API Dok\u00fcmantasyonu","_seopress_titles_desc":"Saha servis y\u00f6netimi i\u00e7in REST API dok\u00fcmantasyonu \u2014 planlama, y\u00f6nlendirme, GPS takibi, i\u015f y\u00f6netimi ve i\u015f g\u00fcc\u00fc ara\u00e7lar\u0131n\u0131 entegre edin.","_seopress_robots_index":"","footnotes":""},"class_list":["post-6848","page","type-page","status-publish","hentry"],"lang":"tr","translations":{"tr":6848,"en":6838,"de":6839,"es":6840,"fr":6841,"it":6842,"pt":6843,"nl":6844,"pl":6845,"ru":6846,"uk":6847,"ar":6849,"he":6850,"zh":6851,"ja":6852,"ko":6853,"hi":6854,"bn":6855,"th":6856,"vi":6857,"id":6858,"tl":6859,"sv":6860,"nb":6861,"da":6862,"fi":6863,"cs":6864,"sk":6865,"hu":6866,"ro":6867,"bg":6868,"hr":6869,"sl":6870,"et":6871,"lv":6872,"lt":6873,"el":6874,"mk":6875,"kk":6876,"az":6877,"af":6878},"pll_sync_post":[],"_links":{"self":[{"href":"https:\/\/shifton.com\/service\/wp-json\/wp\/v2\/pages\/6848","targetHints":{"allow":["GET"]}}],"collection":[{"href":"https:\/\/shifton.com\/service\/wp-json\/wp\/v2\/pages"}],"about":[{"href":"https:\/\/shifton.com\/service\/wp-json\/wp\/v2\/types\/page"}],"replies":[{"embeddable":true,"href":"https:\/\/shifton.com\/service\/wp-json\/wp\/v2\/comments?post=6848"}],"version-history":[{"count":0,"href":"https:\/\/shifton.com\/service\/wp-json\/wp\/v2\/pages\/6848\/revisions"}],"wp:attachment":[{"href":"https:\/\/shifton.com\/service\/wp-json\/wp\/v2\/media?parent=6848"}],"curies":[{"name":"wp","href":"https:\/\/api.w.org\/{rel}","templated":true}]}}