{"id":5377,"date":"2026-03-19T23:17:43","date_gmt":"2026-03-19T23:17:43","guid":{"rendered":""},"modified":"2026-03-19T23:17:43","modified_gmt":"2026-03-19T23:17:43","slug":"features","status":"publish","type":"page","link":"https:\/\/shifton.com\/service\/lv\/features\/","title":{"rendered":"Darbasp\u0113ka vad\u012bba un t\u0101s funkcijas"},"content":{"rendered":"","protected":false},"excerpt":{"rendered":"","protected":false},"author":1,"featured_media":0,"parent":0,"menu_order":0,"comment_status":"closed","ping_status":"closed","template":"page-features.php","meta":{"_seopress_robots_primary_cat":"","_seopress_titles_title":"All Field Service Management Features","_seopress_titles_desc":"Explore all FSM features \u2014 scheduling, dispatching, GPS tracking, invoicing, mobile app, work orders, inventory and reporting tools.","_seopress_robots_index":"","footnotes":""},"class_list":["post-5377","page","type-page","status-publish","hentry"],"lang":"lv","translations":{"lv":5377,"af":5353,"ar":5354,"az":5355,"bg":5356,"bn":5357,"cs":5358,"da":5359,"de":5360,"el":5361,"en":5362,"es":5363,"et":5364,"fi":5365,"fr":5366,"he":5367,"hi":5368,"hr":5369,"hu":5370,"id":5371,"it":5372,"ja":5373,"kk":5374,"ko":5375,"lt":5376,"mk":5378,"nl":5379,"nb":5380,"pl":5381,"pt":5382,"ro":5383,"ru":5384,"sk":5385,"sl":5386,"sv":5387,"th":5388,"tl":5389,"tr":5390,"uk":5391,"vi":5392,"zh":5393},"pll_sync_post":[],"_links":{"self":[{"href":"https:\/\/shifton.com\/service\/wp-json\/wp\/v2\/pages\/5377","targetHints":{"allow":["GET"]}}],"collection":[{"href":"https:\/\/shifton.com\/service\/wp-json\/wp\/v2\/pages"}],"about":[{"href":"https:\/\/shifton.com\/service\/wp-json\/wp\/v2\/types\/page"}],"author":[{"embeddable":true,"href":"https:\/\/shifton.com\/service\/wp-json\/wp\/v2\/users\/1"}],"replies":[{"embeddable":true,"href":"https:\/\/shifton.com\/service\/wp-json\/wp\/v2\/comments?post=5377"}],"version-history":[{"count":0,"href":"https:\/\/shifton.com\/service\/wp-json\/wp\/v2\/pages\/5377\/revisions"}],"wp:attachment":[{"href":"https:\/\/shifton.com\/service\/wp-json\/wp\/v2\/media?parent=5377"}],"curies":[{"name":"wp","href":"https:\/\/api.w.org\/{rel}","templated":true}]}}