{"id":5351,"date":"2026-03-19T23:17:13","date_gmt":"2026-03-19T23:17:13","guid":{"rendered":""},"modified":"2026-04-11T03:06:51","modified_gmt":"2026-04-11T00:06:51","slug":"comparison","status":"publish","type":"page","link":"https:\/\/shifton.com\/service\/vi\/comparison\/","title":{"rendered":"So s\u00e1nh"},"content":{"rendered":"","protected":false},"excerpt":{"rendered":"","protected":false},"author":1,"featured_media":0,"parent":0,"menu_order":0,"comment_status":"closed","ping_status":"closed","template":"page-comparisons.php","meta":{"_seopress_robots_primary_cat":"","_seopress_titles_title":"Shifton v\u00e0 \u0111\u1ed1i th\u1ee7 - So s\u00e1nh d\u1ecbch v\u1ee5 hi\u1ec7n tr\u01b0\u1eddng","_seopress_titles_desc":"So s\u00e1nh Shifton v\u1edbi c\u00e1c c\u00f4ng c\u1ee5 qu\u1ea3n l\u00fd d\u1ecbch v\u1ee5 hi\u1ec7n tr\u01b0\u1eddng kh\u00e1c - t\u00ednh n\u0103ng, gi\u00e1 v\u00e0 kh\u00e1c bi\u1ec7t th\u1ef1c t\u1ebf \u0111\u1ec3 gi\u00fap b\u1ea1n ch\u1ecdn \u0111\u00fang n\u1ec1n t\u1ea3ng.","_seopress_robots_index":"","footnotes":""},"class_list":["post-5351","page","type-page","status-publish","hentry"],"lang":"vi","translations":{"vi":5351,"af":5312,"ar":5313,"az":5314,"bg":5315,"bn":5316,"cs":5317,"da":5318,"de":5319,"el":5320,"en":5321,"es":5322,"et":5323,"fi":5324,"fr":5325,"he":5326,"hi":5327,"hr":5328,"hu":5329,"id":5330,"it":5331,"ja":5332,"kk":5333,"ko":5334,"lt":5335,"lv":5336,"mk":5337,"nl":5338,"nb":5339,"pl":5340,"pt":5341,"ro":5342,"ru":5343,"sk":5344,"sl":5345,"sv":5346,"th":5347,"tl":5348,"tr":5349,"uk":5350,"zh":5352},"pll_sync_post":[],"_links":{"self":[{"href":"https:\/\/shifton.com\/service\/wp-json\/wp\/v2\/pages\/5351","targetHints":{"allow":["GET"]}}],"collection":[{"href":"https:\/\/shifton.com\/service\/wp-json\/wp\/v2\/pages"}],"about":[{"href":"https:\/\/shifton.com\/service\/wp-json\/wp\/v2\/types\/page"}],"author":[{"embeddable":true,"href":"https:\/\/shifton.com\/service\/wp-json\/wp\/v2\/users\/1"}],"replies":[{"embeddable":true,"href":"https:\/\/shifton.com\/service\/wp-json\/wp\/v2\/comments?post=5351"}],"version-history":[{"count":0,"href":"https:\/\/shifton.com\/service\/wp-json\/wp\/v2\/pages\/5351\/revisions"}],"wp:attachment":[{"href":"https:\/\/shifton.com\/service\/wp-json\/wp\/v2\/media?parent=5351"}],"curies":[{"name":"wp","href":"https:\/\/api.w.org\/{rel}","templated":true}]}}