{"id":5349,"date":"2026-03-19T23:17:13","date_gmt":"2026-03-19T23:17:13","guid":{"rendered":""},"modified":"2026-04-11T03:06:51","modified_gmt":"2026-04-11T00:06:51","slug":"comparison","status":"publish","type":"page","link":"https:\/\/shifton.com\/service\/tr\/comparison\/","title":{"rendered":"Kar\u015f\u0131la\u015ft\u0131rmalar"},"content":{"rendered":"","protected":false},"excerpt":{"rendered":"","protected":false},"author":1,"featured_media":0,"parent":0,"menu_order":0,"comment_status":"closed","ping_status":"closed","template":"page-comparisons.php","meta":{"_seopress_robots_primary_cat":"","_seopress_titles_title":"Shifton ve Rakipleri - Saha Servis Kar\u015f\u0131la\u015ft\u0131rmas\u0131","_seopress_titles_desc":"Shifton'\u0131 di\u011fer saha servis y\u00f6netimi ara\u00e7lar\u0131yla kar\u015f\u0131la\u015ft\u0131r\u0131n - do\u011fru platformu se\u00e7menize yard\u0131mc\u0131 olacak \u00f6zellikler, fiyatlar ve ger\u00e7ek farklar.","_seopress_robots_index":"","footnotes":""},"class_list":["post-5349","page","type-page","status-publish","hentry"],"lang":"tr","translations":{"tr":5349,"af":5312,"ar":5313,"az":5314,"bg":5315,"bn":5316,"cs":5317,"da":5318,"de":5319,"el":5320,"en":5321,"es":5322,"et":5323,"fi":5324,"fr":5325,"he":5326,"hi":5327,"hr":5328,"hu":5329,"id":5330,"it":5331,"ja":5332,"kk":5333,"ko":5334,"lt":5335,"lv":5336,"mk":5337,"nl":5338,"nb":5339,"pl":5340,"pt":5341,"ro":5342,"ru":5343,"sk":5344,"sl":5345,"sv":5346,"th":5347,"tl":5348,"uk":5350,"vi":5351,"zh":5352},"pll_sync_post":[],"_links":{"self":[{"href":"https:\/\/shifton.com\/service\/wp-json\/wp\/v2\/pages\/5349","targetHints":{"allow":["GET"]}}],"collection":[{"href":"https:\/\/shifton.com\/service\/wp-json\/wp\/v2\/pages"}],"about":[{"href":"https:\/\/shifton.com\/service\/wp-json\/wp\/v2\/types\/page"}],"author":[{"embeddable":true,"href":"https:\/\/shifton.com\/service\/wp-json\/wp\/v2\/users\/1"}],"replies":[{"embeddable":true,"href":"https:\/\/shifton.com\/service\/wp-json\/wp\/v2\/comments?post=5349"}],"version-history":[{"count":0,"href":"https:\/\/shifton.com\/service\/wp-json\/wp\/v2\/pages\/5349\/revisions"}],"wp:attachment":[{"href":"https:\/\/shifton.com\/service\/wp-json\/wp\/v2\/media?parent=5349"}],"curies":[{"name":"wp","href":"https:\/\/api.w.org\/{rel}","templated":true}]}}