{"id":5335,"date":"2026-03-19T23:17:13","date_gmt":"2026-03-19T23:17:13","guid":{"rendered":""},"modified":"2026-04-11T03:06:49","modified_gmt":"2026-04-11T00:06:49","slug":"comparison","status":"publish","type":"page","link":"https:\/\/shifton.com\/service\/lt\/comparison\/","title":{"rendered":"Palyginimai"},"content":{"rendered":"","protected":false},"excerpt":{"rendered":"","protected":false},"author":1,"featured_media":0,"parent":0,"menu_order":0,"comment_status":"closed","ping_status":"closed","template":"page-comparisons.php","meta":{"_seopress_robots_primary_cat":"","_seopress_titles_title":"Shifton ir konkurentai \u2013 lauko paslaug\u0173 palyginimas","_seopress_titles_desc":"Palyginkite Shifton su kitais lauko paslaug\u0173 valdymo \u012frankiais \u2013 funkcijas, kainas ir realius skirtumus, kad i\u0161sirinktum\u0117te tinkam\u0105 platform\u0105.","_seopress_robots_index":"","footnotes":""},"class_list":["post-5335","page","type-page","status-publish","hentry"],"lang":"lt","translations":{"lt":5335,"af":5312,"ar":5313,"az":5314,"bg":5315,"bn":5316,"cs":5317,"da":5318,"de":5319,"el":5320,"en":5321,"es":5322,"et":5323,"fi":5324,"fr":5325,"he":5326,"hi":5327,"hr":5328,"hu":5329,"id":5330,"it":5331,"ja":5332,"kk":5333,"ko":5334,"lv":5336,"mk":5337,"nl":5338,"nb":5339,"pl":5340,"pt":5341,"ro":5342,"ru":5343,"sk":5344,"sl":5345,"sv":5346,"th":5347,"tl":5348,"tr":5349,"uk":5350,"vi":5351,"zh":5352},"pll_sync_post":[],"_links":{"self":[{"href":"https:\/\/shifton.com\/service\/wp-json\/wp\/v2\/pages\/5335","targetHints":{"allow":["GET"]}}],"collection":[{"href":"https:\/\/shifton.com\/service\/wp-json\/wp\/v2\/pages"}],"about":[{"href":"https:\/\/shifton.com\/service\/wp-json\/wp\/v2\/types\/page"}],"author":[{"embeddable":true,"href":"https:\/\/shifton.com\/service\/wp-json\/wp\/v2\/users\/1"}],"replies":[{"embeddable":true,"href":"https:\/\/shifton.com\/service\/wp-json\/wp\/v2\/comments?post=5335"}],"version-history":[{"count":0,"href":"https:\/\/shifton.com\/service\/wp-json\/wp\/v2\/pages\/5335\/revisions"}],"wp:attachment":[{"href":"https:\/\/shifton.com\/service\/wp-json\/wp\/v2\/media?parent=5335"}],"curies":[{"name":"wp","href":"https:\/\/api.w.org\/{rel}","templated":true}]}}