{"id":5323,"date":"2026-03-19T23:17:13","date_gmt":"2026-03-19T23:17:13","guid":{"rendered":""},"modified":"2026-04-11T03:06:47","modified_gmt":"2026-04-11T00:06:47","slug":"comparison","status":"publish","type":"page","link":"https:\/\/shifton.com\/service\/et\/comparison\/","title":{"rendered":"V\u00f5rdlused"},"content":{"rendered":"","protected":false},"excerpt":{"rendered":"","protected":false},"author":1,"featured_media":0,"parent":0,"menu_order":0,"comment_status":"closed","ping_status":"closed","template":"page-comparisons.php","meta":{"_seopress_robots_primary_cat":"","_seopress_titles_title":"Shifton vs konkurendid - v\u00e4lit\u00f6\u00f6de v\u00f5rdlus","_seopress_titles_desc":"V\u00f5rdle Shiftonit teiste v\u00e4lit\u00f6\u00f6de halduse t\u00f6\u00f6riistadega - funktsioonid, hinnad ja tegelikud erinevused, et valida \u00f5ige platvorm.","_seopress_robots_index":"","footnotes":""},"class_list":["post-5323","page","type-page","status-publish","hentry"],"lang":"et","translations":{"et":5323,"af":5312,"ar":5313,"az":5314,"bg":5315,"bn":5316,"cs":5317,"da":5318,"de":5319,"el":5320,"en":5321,"es":5322,"fi":5324,"fr":5325,"he":5326,"hi":5327,"hr":5328,"hu":5329,"id":5330,"it":5331,"ja":5332,"kk":5333,"ko":5334,"lt":5335,"lv":5336,"mk":5337,"nl":5338,"nb":5339,"pl":5340,"pt":5341,"ro":5342,"ru":5343,"sk":5344,"sl":5345,"sv":5346,"th":5347,"tl":5348,"tr":5349,"uk":5350,"vi":5351,"zh":5352},"pll_sync_post":[],"_links":{"self":[{"href":"https:\/\/shifton.com\/service\/wp-json\/wp\/v2\/pages\/5323","targetHints":{"allow":["GET"]}}],"collection":[{"href":"https:\/\/shifton.com\/service\/wp-json\/wp\/v2\/pages"}],"about":[{"href":"https:\/\/shifton.com\/service\/wp-json\/wp\/v2\/types\/page"}],"author":[{"embeddable":true,"href":"https:\/\/shifton.com\/service\/wp-json\/wp\/v2\/users\/1"}],"replies":[{"embeddable":true,"href":"https:\/\/shifton.com\/service\/wp-json\/wp\/v2\/comments?post=5323"}],"version-history":[{"count":0,"href":"https:\/\/shifton.com\/service\/wp-json\/wp\/v2\/pages\/5323\/revisions"}],"wp:attachment":[{"href":"https:\/\/shifton.com\/service\/wp-json\/wp\/v2\/media?parent=5323"}],"curies":[{"name":"wp","href":"https:\/\/api.w.org\/{rel}","templated":true}]}}