{"id":5314,"date":"2026-03-19T23:17:13","date_gmt":"2026-03-19T23:17:13","guid":{"rendered":""},"modified":"2026-04-11T03:06:46","modified_gmt":"2026-04-11T00:06:46","slug":"comparison","status":"publish","type":"page","link":"https:\/\/shifton.com\/service\/az\/comparison\/","title":{"rendered":"M\u00fcqayis\u0259l\u0259r"},"content":{"rendered":"","protected":false},"excerpt":{"rendered":"","protected":false},"author":1,"featured_media":0,"parent":0,"menu_order":0,"comment_status":"closed","ping_status":"closed","template":"page-comparisons.php","meta":{"_seopress_robots_primary_cat":"","_seopress_titles_title":"Shifton v\u0259 r\u0259qibl\u0259r - Sah\u0259 xidm\u0259ti m\u00fcqayis\u0259si","_seopress_titles_desc":"Shifton-u dig\u0259r sah\u0259 xidm\u0259ti idar\u0259etm\u0259 al\u0259tl\u0259ri il\u0259 m\u00fcqayis\u0259 edin - d\u00fczg\u00fcn platforman\u0131 se\u00e7m\u0259y\u0259 k\u00f6m\u0259k ed\u0259n funksiyalar, qiym\u0259tl\u0259r v\u0259 real f\u0259rql\u0259r.","_seopress_robots_index":"","footnotes":""},"class_list":["post-5314","page","type-page","status-publish","hentry"],"lang":"az","translations":{"az":5314,"af":5312,"ar":5313,"bg":5315,"bn":5316,"cs":5317,"da":5318,"de":5319,"el":5320,"en":5321,"es":5322,"et":5323,"fi":5324,"fr":5325,"he":5326,"hi":5327,"hr":5328,"hu":5329,"id":5330,"it":5331,"ja":5332,"kk":5333,"ko":5334,"lt":5335,"lv":5336,"mk":5337,"nl":5338,"nb":5339,"pl":5340,"pt":5341,"ro":5342,"ru":5343,"sk":5344,"sl":5345,"sv":5346,"th":5347,"tl":5348,"tr":5349,"uk":5350,"vi":5351,"zh":5352},"pll_sync_post":[],"_links":{"self":[{"href":"https:\/\/shifton.com\/service\/wp-json\/wp\/v2\/pages\/5314","targetHints":{"allow":["GET"]}}],"collection":[{"href":"https:\/\/shifton.com\/service\/wp-json\/wp\/v2\/pages"}],"about":[{"href":"https:\/\/shifton.com\/service\/wp-json\/wp\/v2\/types\/page"}],"author":[{"embeddable":true,"href":"https:\/\/shifton.com\/service\/wp-json\/wp\/v2\/users\/1"}],"replies":[{"embeddable":true,"href":"https:\/\/shifton.com\/service\/wp-json\/wp\/v2\/comments?post=5314"}],"version-history":[{"count":0,"href":"https:\/\/shifton.com\/service\/wp-json\/wp\/v2\/pages\/5314\/revisions"}],"wp:attachment":[{"href":"https:\/\/shifton.com\/service\/wp-json\/wp\/v2\/media?parent=5314"}],"curies":[{"name":"wp","href":"https:\/\/api.w.org\/{rel}","templated":true}]}}