{"id":4900,"date":"2026-03-19T21:25:59","date_gmt":"2026-03-19T21:25:59","guid":{"rendered":""},"modified":"2026-04-11T03:06:51","modified_gmt":"2026-04-11T00:06:51","slug":"reviews","status":"publish","type":"page","link":"https:\/\/shifton.com\/service\/vi\/reviews\/","title":{"rendered":"\u0110\u00e1nh gi\u00e1"},"content":{"rendered":"","protected":false},"excerpt":{"rendered":"","protected":false},"author":1,"featured_media":0,"parent":0,"menu_order":0,"comment_status":"closed","ping_status":"closed","template":"page-reviews.php","meta":{"_seopress_robots_primary_cat":"","_seopress_titles_title":"\u0110\u00e1nh gi\u00e1 Shifton d\u1ecbch v\u1ee5 hi\u1ec7n tr\u01b0\u1eddng","_seopress_titles_desc":"\u0110\u1ecdc \u0111\u00e1nh gi\u00e1 th\u1ef1c t\u1ebf c\u1ee7a kh\u00e1ch h\u00e0ng v\u1ec1 ph\u1ea7n m\u1ec1m d\u1ecbch v\u1ee5 hi\u1ec7n tr\u01b0\u1eddng Shifton - c\u00e1ch c\u00e1c \u0111\u1ed9i ng\u0169 d\u00f9ng l\u00ean l\u1ecbch, theo d\u00f5i GPS v\u00e0 c\u00f4ng c\u1ee5 di \u0111\u1ed9ng \u0111\u1ec3 c\u1ea3i thi\u1ec7n v\u1eadn h\u00e0nh h\u1eb1ng ng\u00e0y.","_seopress_robots_index":"","footnotes":""},"class_list":["post-4900","page","type-page","status-publish","hentry"],"lang":"vi","translations":{"vi":4900,"en":265,"af":4862,"ar":4863,"az":4864,"bg":4865,"bn":4866,"cs":4867,"da":4868,"de":4869,"el":4870,"es":4871,"et":4872,"fi":4873,"fr":4874,"he":4875,"hi":4876,"hr":4877,"hu":4878,"id":4879,"it":4880,"ja":4881,"kk":4882,"ko":4883,"lt":4884,"lv":4885,"mk":4886,"nl":4887,"nb":4888,"pl":4889,"pt":4890,"ro":4891,"ru":4892,"sk":4893,"sl":4894,"sv":4895,"th":4896,"tl":4897,"tr":4898,"uk":4899,"zh":4901},"pll_sync_post":[],"_links":{"self":[{"href":"https:\/\/shifton.com\/service\/wp-json\/wp\/v2\/pages\/4900","targetHints":{"allow":["GET"]}}],"collection":[{"href":"https:\/\/shifton.com\/service\/wp-json\/wp\/v2\/pages"}],"about":[{"href":"https:\/\/shifton.com\/service\/wp-json\/wp\/v2\/types\/page"}],"author":[{"embeddable":true,"href":"https:\/\/shifton.com\/service\/wp-json\/wp\/v2\/users\/1"}],"replies":[{"embeddable":true,"href":"https:\/\/shifton.com\/service\/wp-json\/wp\/v2\/comments?post=4900"}],"version-history":[{"count":0,"href":"https:\/\/shifton.com\/service\/wp-json\/wp\/v2\/pages\/4900\/revisions"}],"wp:attachment":[{"href":"https:\/\/shifton.com\/service\/wp-json\/wp\/v2\/media?parent=4900"}],"curies":[{"name":"wp","href":"https:\/\/api.w.org\/{rel}","templated":true}]}}