{"id":4893,"date":"2026-03-19T21:25:59","date_gmt":"2026-03-19T21:25:59","guid":{"rendered":""},"modified":"2026-04-11T03:06:50","modified_gmt":"2026-04-11T00:06:50","slug":"reviews","status":"publish","type":"page","link":"https:\/\/shifton.com\/service\/sk\/reviews\/","title":{"rendered":"Recenzie"},"content":{"rendered":"","protected":false},"excerpt":{"rendered":"","protected":false},"author":1,"featured_media":0,"parent":0,"menu_order":0,"comment_status":"closed","ping_status":"closed","template":"page-reviews.php","meta":{"_seopress_robots_primary_cat":"","_seopress_titles_title":"Recenzie Shifton pre ter\u00e9nne slu\u017eby - n\u00e1zory z\u00e1kazn\u00edkov","_seopress_titles_desc":"Pre\u010d\u00edtajte si skuto\u010dn\u00e9 recenzie z\u00e1kazn\u00edkov na softv\u00e9r Shifton pre ter\u00e9nne slu\u017eby - ako t\u00edmy vyu\u017e\u00edvaj\u00fa pl\u00e1novanie, GPS sledovanie a mobiln\u00e9 n\u00e1stroje na zlep\u0161enie dennej prev\u00e1dzky.","_seopress_robots_index":"","footnotes":""},"class_list":["post-4893","page","type-page","status-publish","hentry"],"lang":"sk","translations":{"sk":4893,"en":265,"af":4862,"ar":4863,"az":4864,"bg":4865,"bn":4866,"cs":4867,"da":4868,"de":4869,"el":4870,"es":4871,"et":4872,"fi":4873,"fr":4874,"he":4875,"hi":4876,"hr":4877,"hu":4878,"id":4879,"it":4880,"ja":4881,"kk":4882,"ko":4883,"lt":4884,"lv":4885,"mk":4886,"nl":4887,"nb":4888,"pl":4889,"pt":4890,"ro":4891,"ru":4892,"sl":4894,"sv":4895,"th":4896,"tl":4897,"tr":4898,"uk":4899,"vi":4900,"zh":4901},"pll_sync_post":[],"_links":{"self":[{"href":"https:\/\/shifton.com\/service\/wp-json\/wp\/v2\/pages\/4893","targetHints":{"allow":["GET"]}}],"collection":[{"href":"https:\/\/shifton.com\/service\/wp-json\/wp\/v2\/pages"}],"about":[{"href":"https:\/\/shifton.com\/service\/wp-json\/wp\/v2\/types\/page"}],"author":[{"embeddable":true,"href":"https:\/\/shifton.com\/service\/wp-json\/wp\/v2\/users\/1"}],"replies":[{"embeddable":true,"href":"https:\/\/shifton.com\/service\/wp-json\/wp\/v2\/comments?post=4893"}],"version-history":[{"count":0,"href":"https:\/\/shifton.com\/service\/wp-json\/wp\/v2\/pages\/4893\/revisions"}],"wp:attachment":[{"href":"https:\/\/shifton.com\/service\/wp-json\/wp\/v2\/media?parent=4893"}],"curies":[{"name":"wp","href":"https:\/\/api.w.org\/{rel}","templated":true}]}}