{"id":4889,"date":"2026-03-19T21:25:59","date_gmt":"2026-03-19T21:25:59","guid":{"rendered":""},"modified":"2026-04-11T03:06:50","modified_gmt":"2026-04-11T00:06:50","slug":"reviews","status":"publish","type":"page","link":"https:\/\/shifton.com\/service\/pl\/reviews\/","title":{"rendered":"Opinie"},"content":{"rendered":"","protected":false},"excerpt":{"rendered":"","protected":false},"author":1,"featured_media":0,"parent":0,"menu_order":0,"comment_status":"closed","ping_status":"closed","template":"page-reviews.php","meta":{"_seopress_robots_primary_cat":"","_seopress_titles_title":"Opinie o Shifton \u2014 co m\u00f3wi\u0105 klienci","_seopress_titles_desc":"Przeczytaj prawdziwe opinie klient\u00f3w o oprogramowaniu Shifton do serwisu w terenie \u2014 jak zespo\u0142y u\u017cywaj\u0105 planowania, GPS i narz\u0119dzi mobilnych na co dzie\u0144.","_seopress_robots_index":"","footnotes":""},"class_list":["post-4889","page","type-page","status-publish","hentry"],"lang":"pl","translations":{"pl":4889,"en":265,"af":4862,"ar":4863,"az":4864,"bg":4865,"bn":4866,"cs":4867,"da":4868,"de":4869,"el":4870,"es":4871,"et":4872,"fi":4873,"fr":4874,"he":4875,"hi":4876,"hr":4877,"hu":4878,"id":4879,"it":4880,"ja":4881,"kk":4882,"ko":4883,"lt":4884,"lv":4885,"mk":4886,"nl":4887,"nb":4888,"pt":4890,"ro":4891,"ru":4892,"sk":4893,"sl":4894,"sv":4895,"th":4896,"tl":4897,"tr":4898,"uk":4899,"vi":4900,"zh":4901},"pll_sync_post":[],"_links":{"self":[{"href":"https:\/\/shifton.com\/service\/wp-json\/wp\/v2\/pages\/4889","targetHints":{"allow":["GET"]}}],"collection":[{"href":"https:\/\/shifton.com\/service\/wp-json\/wp\/v2\/pages"}],"about":[{"href":"https:\/\/shifton.com\/service\/wp-json\/wp\/v2\/types\/page"}],"author":[{"embeddable":true,"href":"https:\/\/shifton.com\/service\/wp-json\/wp\/v2\/users\/1"}],"replies":[{"embeddable":true,"href":"https:\/\/shifton.com\/service\/wp-json\/wp\/v2\/comments?post=4889"}],"version-history":[{"count":0,"href":"https:\/\/shifton.com\/service\/wp-json\/wp\/v2\/pages\/4889\/revisions"}],"wp:attachment":[{"href":"https:\/\/shifton.com\/service\/wp-json\/wp\/v2\/media?parent=4889"}],"curies":[{"name":"wp","href":"https:\/\/api.w.org\/{rel}","templated":true}]}}