{"id":4885,"date":"2026-03-19T21:25:59","date_gmt":"2026-03-19T21:25:59","guid":{"rendered":""},"modified":"2026-04-11T03:06:49","modified_gmt":"2026-04-11T00:06:49","slug":"reviews","status":"publish","type":"page","link":"https:\/\/shifton.com\/service\/lv\/reviews\/","title":{"rendered":"Atsauksmes"},"content":{"rendered":"","protected":false},"excerpt":{"rendered":"","protected":false},"author":1,"featured_media":0,"parent":0,"menu_order":0,"comment_status":"closed","ping_status":"closed","template":"page-reviews.php","meta":{"_seopress_robots_primary_cat":"","_seopress_titles_title":"Shifton lauka pakalpojumu atsauksmes \u2014 ko saka klienti","_seopress_titles_desc":"Lasiet \u012bstas klientu atsauksmes par Shifton lauka pakalpojumu programmat\u016bru \u2014 k\u0101 komandas izmanto pl\u0101no\u0161anu, GPS izseko\u0161anu un mobilos r\u012bkus ikdienas darbam.","_seopress_robots_index":"","footnotes":""},"class_list":["post-4885","page","type-page","status-publish","hentry"],"lang":"lv","translations":{"lv":4885,"en":265,"af":4862,"ar":4863,"az":4864,"bg":4865,"bn":4866,"cs":4867,"da":4868,"de":4869,"el":4870,"es":4871,"et":4872,"fi":4873,"fr":4874,"he":4875,"hi":4876,"hr":4877,"hu":4878,"id":4879,"it":4880,"ja":4881,"kk":4882,"ko":4883,"lt":4884,"mk":4886,"nl":4887,"nb":4888,"pl":4889,"pt":4890,"ro":4891,"ru":4892,"sk":4893,"sl":4894,"sv":4895,"th":4896,"tl":4897,"tr":4898,"uk":4899,"vi":4900,"zh":4901},"pll_sync_post":[],"_links":{"self":[{"href":"https:\/\/shifton.com\/service\/wp-json\/wp\/v2\/pages\/4885","targetHints":{"allow":["GET"]}}],"collection":[{"href":"https:\/\/shifton.com\/service\/wp-json\/wp\/v2\/pages"}],"about":[{"href":"https:\/\/shifton.com\/service\/wp-json\/wp\/v2\/types\/page"}],"author":[{"embeddable":true,"href":"https:\/\/shifton.com\/service\/wp-json\/wp\/v2\/users\/1"}],"replies":[{"embeddable":true,"href":"https:\/\/shifton.com\/service\/wp-json\/wp\/v2\/comments?post=4885"}],"version-history":[{"count":0,"href":"https:\/\/shifton.com\/service\/wp-json\/wp\/v2\/pages\/4885\/revisions"}],"wp:attachment":[{"href":"https:\/\/shifton.com\/service\/wp-json\/wp\/v2\/media?parent=4885"}],"curies":[{"name":"wp","href":"https:\/\/api.w.org\/{rel}","templated":true}]}}