{"id":4874,"date":"2026-03-19T21:25:59","date_gmt":"2026-03-19T21:25:59","guid":{"rendered":""},"modified":"2026-04-11T03:06:47","modified_gmt":"2026-04-11T00:06:47","slug":"reviews","status":"publish","type":"page","link":"https:\/\/shifton.com\/service\/fr\/reviews\/","title":{"rendered":"Avis"},"content":{"rendered":"","protected":false},"excerpt":{"rendered":"","protected":false},"author":1,"featured_media":0,"parent":0,"menu_order":0,"comment_status":"closed","ping_status":"closed","template":"page-reviews.php","meta":{"_seopress_robots_primary_cat":"","_seopress_titles_title":"Avis Shifton services terrain - clients","_seopress_titles_desc":"Lisez de vrais avis clients sur Shifton et d\u00e9couvrez comment les \u00e9quipes am\u00e9liorent leurs op\u00e9rations avec planification, GPS et mobile.","_seopress_robots_index":"","footnotes":""},"class_list":["post-4874","page","type-page","status-publish","hentry"],"lang":"fr","translations":{"fr":4874,"en":265,"af":4862,"ar":4863,"az":4864,"bg":4865,"bn":4866,"cs":4867,"da":4868,"de":4869,"el":4870,"es":4871,"et":4872,"fi":4873,"he":4875,"hi":4876,"hr":4877,"hu":4878,"id":4879,"it":4880,"ja":4881,"kk":4882,"ko":4883,"lt":4884,"lv":4885,"mk":4886,"nl":4887,"nb":4888,"pl":4889,"pt":4890,"ro":4891,"ru":4892,"sk":4893,"sl":4894,"sv":4895,"th":4896,"tl":4897,"tr":4898,"uk":4899,"vi":4900,"zh":4901},"pll_sync_post":[],"_links":{"self":[{"href":"https:\/\/shifton.com\/service\/wp-json\/wp\/v2\/pages\/4874","targetHints":{"allow":["GET"]}}],"collection":[{"href":"https:\/\/shifton.com\/service\/wp-json\/wp\/v2\/pages"}],"about":[{"href":"https:\/\/shifton.com\/service\/wp-json\/wp\/v2\/types\/page"}],"author":[{"embeddable":true,"href":"https:\/\/shifton.com\/service\/wp-json\/wp\/v2\/users\/1"}],"replies":[{"embeddable":true,"href":"https:\/\/shifton.com\/service\/wp-json\/wp\/v2\/comments?post=4874"}],"version-history":[{"count":0,"href":"https:\/\/shifton.com\/service\/wp-json\/wp\/v2\/pages\/4874\/revisions"}],"wp:attachment":[{"href":"https:\/\/shifton.com\/service\/wp-json\/wp\/v2\/media?parent=4874"}],"curies":[{"name":"wp","href":"https:\/\/api.w.org\/{rel}","templated":true}]}}