{"id":4827,"date":"2026-03-19T21:25:59","date_gmt":"2026-03-19T21:25:59","guid":{"rendered":""},"modified":"2026-04-11T03:06:46","modified_gmt":"2026-04-11T00:06:46","slug":"legal","status":"publish","type":"page","link":"https:\/\/shifton.com\/service\/cs\/legal\/","title":{"rendered":"Pr\u00e1vn\u00ed informace"},"content":{"rendered":"","protected":false},"excerpt":{"rendered":"","protected":false},"author":1,"featured_media":0,"parent":0,"menu_order":0,"comment_status":"closed","ping_status":"closed","template":"page-legal.php","meta":{"_seopress_robots_primary_cat":"","_seopress_titles_title":"Pr\u00e1vn\u00ed informace Shifton \u2014 podm\u00ednky a soukrom\u00ed","_seopress_titles_desc":"Pr\u00e1vn\u00ed informace \u2014 podm\u00ednky slu\u017eby, z\u00e1sady ochrany soukrom\u00ed, zpracov\u00e1n\u00ed dat a soulad p\u0159edpis\u016f pro software pro \u0159\u00edzen\u00ed ter\u00e9nn\u00edch slu\u017eeb.","_seopress_robots_index":"","footnotes":""},"class_list":["post-4827","page","type-page","status-publish","hentry"],"lang":"cs","translations":{"cs":4827,"en":261,"af":4822,"ar":4823,"az":4824,"bg":4825,"bn":4826,"da":4828,"de":4829,"el":4830,"es":4831,"et":4832,"fi":4833,"fr":4834,"he":4835,"hi":4836,"hr":4837,"hu":4838,"id":4839,"it":4840,"ja":4841,"kk":4842,"ko":4843,"lt":4844,"lv":4845,"mk":4846,"nl":4847,"nb":4848,"pl":4849,"pt":4850,"ro":4851,"ru":4852,"sk":4853,"sl":4854,"sv":4855,"th":4856,"tl":4857,"tr":4858,"uk":4859,"vi":4860,"zh":4861},"pll_sync_post":[],"_links":{"self":[{"href":"https:\/\/shifton.com\/service\/wp-json\/wp\/v2\/pages\/4827","targetHints":{"allow":["GET"]}}],"collection":[{"href":"https:\/\/shifton.com\/service\/wp-json\/wp\/v2\/pages"}],"about":[{"href":"https:\/\/shifton.com\/service\/wp-json\/wp\/v2\/types\/page"}],"author":[{"embeddable":true,"href":"https:\/\/shifton.com\/service\/wp-json\/wp\/v2\/users\/1"}],"replies":[{"embeddable":true,"href":"https:\/\/shifton.com\/service\/wp-json\/wp\/v2\/comments?post=4827"}],"version-history":[{"count":0,"href":"https:\/\/shifton.com\/service\/wp-json\/wp\/v2\/pages\/4827\/revisions"}],"wp:attachment":[{"href":"https:\/\/shifton.com\/service\/wp-json\/wp\/v2\/media?parent=4827"}],"curies":[{"name":"wp","href":"https:\/\/api.w.org\/{rel}","templated":true}]}}