{"id":4824,"date":"2026-03-19T21:25:59","date_gmt":"2026-03-19T21:25:59","guid":{"rendered":""},"modified":"2026-04-11T03:06:46","modified_gmt":"2026-04-11T00:06:46","slug":"legal","status":"publish","type":"page","link":"https:\/\/shifton.com\/service\/az\/legal\/","title":{"rendered":"H\u00fcquqi m\u0259lumat"},"content":{"rendered":"","protected":false},"excerpt":{"rendered":"","protected":false},"author":1,"featured_media":0,"parent":0,"menu_order":0,"comment_status":"closed","ping_status":"closed","template":"page-legal.php","meta":{"_seopress_robots_primary_cat":"","_seopress_titles_title":"H\u00fcquqi m\u0259lumat \u2014 \u015e\u0259rtl\u0259r v\u0259 m\u0259xfilik","_seopress_titles_desc":"H\u00fcquqi m\u0259lumat \u2014 xidm\u0259t \u015f\u0259rtl\u0259ri, m\u0259xfilik siyas\u0259ti, m\u0259lumatlar\u0131n emal\u0131 v\u0259 sah\u0259 xidm\u0259ti idar\u0259etm\u0259 proqram\u0131 \u00fc\u00e7\u00fcn uy\u011funluq.","_seopress_robots_index":"","footnotes":""},"class_list":["post-4824","page","type-page","status-publish","hentry"],"lang":"az","translations":{"az":4824,"en":261,"af":4822,"ar":4823,"bg":4825,"bn":4826,"cs":4827,"da":4828,"de":4829,"el":4830,"es":4831,"et":4832,"fi":4833,"fr":4834,"he":4835,"hi":4836,"hr":4837,"hu":4838,"id":4839,"it":4840,"ja":4841,"kk":4842,"ko":4843,"lt":4844,"lv":4845,"mk":4846,"nl":4847,"nb":4848,"pl":4849,"pt":4850,"ro":4851,"ru":4852,"sk":4853,"sl":4854,"sv":4855,"th":4856,"tl":4857,"tr":4858,"uk":4859,"vi":4860,"zh":4861},"pll_sync_post":[],"_links":{"self":[{"href":"https:\/\/shifton.com\/service\/wp-json\/wp\/v2\/pages\/4824","targetHints":{"allow":["GET"]}}],"collection":[{"href":"https:\/\/shifton.com\/service\/wp-json\/wp\/v2\/pages"}],"about":[{"href":"https:\/\/shifton.com\/service\/wp-json\/wp\/v2\/types\/page"}],"author":[{"embeddable":true,"href":"https:\/\/shifton.com\/service\/wp-json\/wp\/v2\/users\/1"}],"replies":[{"embeddable":true,"href":"https:\/\/shifton.com\/service\/wp-json\/wp\/v2\/comments?post=4824"}],"version-history":[{"count":0,"href":"https:\/\/shifton.com\/service\/wp-json\/wp\/v2\/pages\/4824\/revisions"}],"wp:attachment":[{"href":"https:\/\/shifton.com\/service\/wp-json\/wp\/v2\/media?parent=4824"}],"curies":[{"name":"wp","href":"https:\/\/api.w.org\/{rel}","templated":true}]}}