{"id":4797,"date":"2026-03-19T21:25:59","date_gmt":"2026-03-19T21:25:59","guid":{"rendered":""},"modified":"2026-04-11T03:06:48","modified_gmt":"2026-04-11T00:06:48","slug":"faq","status":"publish","type":"page","link":"https:\/\/shifton.com\/service\/hr\/faq\/","title":{"rendered":"\u010cesta pitanja"},"content":{"rendered":"","protected":false},"excerpt":{"rendered":"","protected":false},"author":1,"featured_media":0,"parent":0,"menu_order":0,"comment_status":"closed","ping_status":"closed","template":"page-faq.php","meta":{"_seopress_robots_primary_cat":"","_seopress_titles_title":"Shifton FAQ za terenske usluge - \u010desta pitanja","_seopress_titles_desc":"Prona\u0111ite odgovore na \u010desta pitanja o Shifton softveru za terenske usluge - cijene, postavljanje, GPS pra\u0107enje, mobilna aplikacija, fakturiranje i vi\u0161e.","_seopress_robots_index":"","footnotes":""},"class_list":["post-4797","page","type-page","status-publish","hentry"],"lang":"hr","translations":{"hr":4797,"en":264,"af":4782,"ar":4783,"az":4784,"bg":4785,"bn":4786,"cs":4787,"da":4788,"de":4789,"el":4790,"es":4791,"et":4792,"fi":4793,"fr":4794,"he":4795,"hi":4796,"hu":4798,"id":4799,"it":4800,"ja":4801,"kk":4802,"ko":4803,"lt":4804,"lv":4805,"mk":4806,"nl":4807,"nb":4808,"pl":4809,"pt":4810,"ro":4811,"ru":4812,"sk":4813,"sl":4814,"sv":4815,"th":4816,"tl":4817,"tr":4818,"uk":4819,"vi":4820,"zh":4821},"pll_sync_post":[],"_links":{"self":[{"href":"https:\/\/shifton.com\/service\/wp-json\/wp\/v2\/pages\/4797","targetHints":{"allow":["GET"]}}],"collection":[{"href":"https:\/\/shifton.com\/service\/wp-json\/wp\/v2\/pages"}],"about":[{"href":"https:\/\/shifton.com\/service\/wp-json\/wp\/v2\/types\/page"}],"author":[{"embeddable":true,"href":"https:\/\/shifton.com\/service\/wp-json\/wp\/v2\/users\/1"}],"replies":[{"embeddable":true,"href":"https:\/\/shifton.com\/service\/wp-json\/wp\/v2\/comments?post=4797"}],"version-history":[{"count":0,"href":"https:\/\/shifton.com\/service\/wp-json\/wp\/v2\/pages\/4797\/revisions"}],"wp:attachment":[{"href":"https:\/\/shifton.com\/service\/wp-json\/wp\/v2\/media?parent=4797"}],"curies":[{"name":"wp","href":"https:\/\/api.w.org\/{rel}","templated":true}]}}