{"id":4784,"date":"2026-03-19T21:25:59","date_gmt":"2026-03-19T21:25:59","guid":{"rendered":""},"modified":"2026-04-11T03:06:46","modified_gmt":"2026-04-11T00:06:46","slug":"faq","status":"publish","type":"page","link":"https:\/\/shifton.com\/service\/az\/faq\/","title":{"rendered":"Tez-tez veril\u0259n suallar"},"content":{"rendered":"","protected":false},"excerpt":{"rendered":"","protected":false},"author":1,"featured_media":0,"parent":0,"menu_order":0,"comment_status":"closed","ping_status":"closed","template":"page-faq.php","meta":{"_seopress_robots_primary_cat":"","_seopress_titles_title":"Shifton Sah\u0259 xidm\u0259ti FAQ - Tez-tez veril\u0259n suallar","_seopress_titles_desc":"Shifton sah\u0259 xidm\u0259ti proqram\u0131 haqq\u0131nda tez-tez veril\u0259n suallar\u0131n cavablar\u0131n\u0131 tap\u0131n - qiym\u0259tl\u0259r, qura\u015fd\u0131rma, GPS izl\u0259m\u0259, mobil t\u0259tbiq, fakturalama v\u0259 daha \u00e7ox.","_seopress_robots_index":"","footnotes":""},"class_list":["post-4784","page","type-page","status-publish","hentry"],"lang":"az","translations":{"az":4784,"en":264,"af":4782,"ar":4783,"bg":4785,"bn":4786,"cs":4787,"da":4788,"de":4789,"el":4790,"es":4791,"et":4792,"fi":4793,"fr":4794,"he":4795,"hi":4796,"hr":4797,"hu":4798,"id":4799,"it":4800,"ja":4801,"kk":4802,"ko":4803,"lt":4804,"lv":4805,"mk":4806,"nl":4807,"nb":4808,"pl":4809,"pt":4810,"ro":4811,"ru":4812,"sk":4813,"sl":4814,"sv":4815,"th":4816,"tl":4817,"tr":4818,"uk":4819,"vi":4820,"zh":4821},"pll_sync_post":[],"_links":{"self":[{"href":"https:\/\/shifton.com\/service\/wp-json\/wp\/v2\/pages\/4784","targetHints":{"allow":["GET"]}}],"collection":[{"href":"https:\/\/shifton.com\/service\/wp-json\/wp\/v2\/pages"}],"about":[{"href":"https:\/\/shifton.com\/service\/wp-json\/wp\/v2\/types\/page"}],"author":[{"embeddable":true,"href":"https:\/\/shifton.com\/service\/wp-json\/wp\/v2\/users\/1"}],"replies":[{"embeddable":true,"href":"https:\/\/shifton.com\/service\/wp-json\/wp\/v2\/comments?post=4784"}],"version-history":[{"count":0,"href":"https:\/\/shifton.com\/service\/wp-json\/wp\/v2\/pages\/4784\/revisions"}],"wp:attachment":[{"href":"https:\/\/shifton.com\/service\/wp-json\/wp\/v2\/media?parent=4784"}],"curies":[{"name":"wp","href":"https:\/\/api.w.org\/{rel}","templated":true}]}}