{"id":4769,"date":"2026-03-19T21:25:59","date_gmt":"2026-03-19T21:25:59","guid":{"rendered":""},"modified":"2026-04-11T03:16:11","modified_gmt":"2026-04-11T00:16:11","slug":"contacts","status":"publish","type":"page","link":"https:\/\/shifton.com\/service\/pl\/contacts\/","title":{"rendered":"Skontaktuj si\u0119 z nami"},"content":{"rendered":"","protected":false},"excerpt":{"rendered":"","protected":false},"author":1,"featured_media":0,"parent":0,"menu_order":0,"comment_status":"closed","ping_status":"closed","template":"page-contacts.php","meta":{"_seopress_robots_primary_cat":"","_seopress_titles_title":"Kontakt \u2014 wsparcie serwisu terenowego","_seopress_titles_desc":"Skontaktuj si\u0119 z nami \u2014 zapytaj o ceny, integracje, wdro\u017cenie lub rozwi\u0105zania dopasowane do Twoich dzia\u0142a\u0144 serwisowych w terenie.","_seopress_robots_index":"","footnotes":""},"class_list":["post-4769","page","type-page","status-publish","hentry"],"lang":"pl","translations":{"pl":4769,"en":262,"af":4742,"ar":4743,"az":4744,"bg":4745,"bn":4746,"cs":4747,"da":4748,"de":4749,"el":4750,"es":4751,"et":4752,"fi":4753,"fr":4754,"he":4755,"hi":4756,"hr":4757,"hu":4758,"id":4759,"it":4760,"ja":4761,"kk":4762,"ko":4763,"lt":4764,"lv":4765,"mk":4766,"nl":4767,"nb":4768,"pt":4770,"ro":4771,"ru":4772,"sk":4773,"sl":4774,"sv":4775,"th":4776,"tl":4777,"tr":4778,"uk":4779,"vi":4780,"zh":4781},"pll_sync_post":[],"_links":{"self":[{"href":"https:\/\/shifton.com\/service\/wp-json\/wp\/v2\/pages\/4769","targetHints":{"allow":["GET"]}}],"collection":[{"href":"https:\/\/shifton.com\/service\/wp-json\/wp\/v2\/pages"}],"about":[{"href":"https:\/\/shifton.com\/service\/wp-json\/wp\/v2\/types\/page"}],"author":[{"embeddable":true,"href":"https:\/\/shifton.com\/service\/wp-json\/wp\/v2\/users\/1"}],"replies":[{"embeddable":true,"href":"https:\/\/shifton.com\/service\/wp-json\/wp\/v2\/comments?post=4769"}],"version-history":[{"count":0,"href":"https:\/\/shifton.com\/service\/wp-json\/wp\/v2\/pages\/4769\/revisions"}],"wp:attachment":[{"href":"https:\/\/shifton.com\/service\/wp-json\/wp\/v2\/media?parent=4769"}],"curies":[{"name":"wp","href":"https:\/\/api.w.org\/{rel}","templated":true}]}}