{"id":4744,"date":"2026-03-19T21:25:59","date_gmt":"2026-03-19T21:25:59","guid":{"rendered":""},"modified":"2026-04-11T03:06:46","modified_gmt":"2026-04-11T00:06:46","slug":"contacts","status":"publish","type":"page","link":"https:\/\/shifton.com\/service\/az\/contacts\/","title":{"rendered":"Biziml\u0259 \u0259laq\u0259"},"content":{"rendered":"","protected":false},"excerpt":{"rendered":"","protected":false},"author":1,"featured_media":0,"parent":0,"menu_order":0,"comment_status":"closed","ping_status":"closed","template":"page-contacts.php","meta":{"_seopress_robots_primary_cat":"","_seopress_titles_title":"Biziml\u0259 \u0259laq\u0259 \u2014 Sah\u0259 xidm\u0259ti d\u0259st\u0259yi","_seopress_titles_desc":"\u018flaq\u0259 saxlay\u0131n \u2014 sah\u0259 xidm\u0259ti \u0259m\u0259liyyatlar\u0131n\u0131z \u00fc\u00e7\u00fcn qiym\u0259tl\u0259r, inteqrasiyalar, ilkin qura\u015fd\u0131rma v\u0259 ya f\u0259rdi h\u0259ll\u0259r bar\u0259d\u0259 soru\u015fun.","_seopress_robots_index":"","footnotes":""},"class_list":["post-4744","page","type-page","status-publish","hentry"],"lang":"az","translations":{"az":4744,"en":262,"af":4742,"ar":4743,"bg":4745,"bn":4746,"cs":4747,"da":4748,"de":4749,"el":4750,"es":4751,"et":4752,"fi":4753,"fr":4754,"he":4755,"hi":4756,"hr":4757,"hu":4758,"id":4759,"it":4760,"ja":4761,"kk":4762,"ko":4763,"lt":4764,"lv":4765,"mk":4766,"nl":4767,"nb":4768,"pl":4769,"pt":4770,"ro":4771,"ru":4772,"sk":4773,"sl":4774,"sv":4775,"th":4776,"tl":4777,"tr":4778,"uk":4779,"vi":4780,"zh":4781},"pll_sync_post":[],"_links":{"self":[{"href":"https:\/\/shifton.com\/service\/wp-json\/wp\/v2\/pages\/4744","targetHints":{"allow":["GET"]}}],"collection":[{"href":"https:\/\/shifton.com\/service\/wp-json\/wp\/v2\/pages"}],"about":[{"href":"https:\/\/shifton.com\/service\/wp-json\/wp\/v2\/types\/page"}],"author":[{"embeddable":true,"href":"https:\/\/shifton.com\/service\/wp-json\/wp\/v2\/users\/1"}],"replies":[{"embeddable":true,"href":"https:\/\/shifton.com\/service\/wp-json\/wp\/v2\/comments?post=4744"}],"version-history":[{"count":0,"href":"https:\/\/shifton.com\/service\/wp-json\/wp\/v2\/pages\/4744\/revisions"}],"wp:attachment":[{"href":"https:\/\/shifton.com\/service\/wp-json\/wp\/v2\/media?parent=4744"}],"curies":[{"name":"wp","href":"https:\/\/api.w.org\/{rel}","templated":true}]}}