{"id":258,"date":"2026-03-19T06:40:48","date_gmt":"2026-03-19T04:40:48","guid":{"rendered":"https:\/\/shifton.local\/home-az\/"},"modified":"2026-04-11T03:06:46","modified_gmt":"2026-04-11T00:06:46","slug":"home","status":"publish","type":"page","link":"https:\/\/shifton.com\/service\/az\/","title":{"rendered":"Ana s\u0259hif\u0259"},"content":{"rendered":"","protected":false},"excerpt":{"rendered":"","protected":false},"author":1,"featured_media":0,"parent":0,"menu_order":0,"comment_status":"closed","ping_status":"closed","template":"","meta":{"_seopress_robots_primary_cat":"","_seopress_titles_title":"Sah\u0259 xidm\u0259ti idar\u0259etm\u0259 proqram\u0131 - Dispet\u00e7er v\u0259 Faktura","_seopress_titles_desc":"\u0130\u015fl\u0259ri planlama\u011fa, texnikl\u0259ri y\u00f6nl\u0259ndirm\u0259y\u0259, gedi\u015fat\u0131 izl\u0259m\u0259y\u0259 v\u0259 i\u015f sifari\u015fl\u0259rini bir mobil platformadan ba\u011flama\u011fa k\u00f6m\u0259k ed\u0259n sah\u0259 xidm\u0259ti idar\u0259etm\u0259 proqram\u0131.","_seopress_robots_index":"","footnotes":""},"class_list":["post-258","page","type-page","status-publish","hentry"],"lang":"az","translations":{"az":258,"en":9,"de":220,"es":221,"fr":222,"it":223,"pt":224,"nl":225,"pl":226,"ru":227,"uk":228,"tr":229,"ar":230,"he":231,"zh":232,"ja":233,"ko":234,"hi":235,"bn":236,"th":237,"vi":238,"id":239,"tl":240,"sv":241,"nb":242,"da":243,"fi":244,"cs":245,"sk":246,"hu":247,"ro":248,"bg":249,"hr":250,"sl":251,"et":252,"lv":253,"lt":254,"el":255,"mk":256,"kk":257,"af":259},"pll_sync_post":[],"_links":{"self":[{"href":"https:\/\/shifton.com\/service\/wp-json\/wp\/v2\/pages\/258","targetHints":{"allow":["GET"]}}],"collection":[{"href":"https:\/\/shifton.com\/service\/wp-json\/wp\/v2\/pages"}],"about":[{"href":"https:\/\/shifton.com\/service\/wp-json\/wp\/v2\/types\/page"}],"author":[{"embeddable":true,"href":"https:\/\/shifton.com\/service\/wp-json\/wp\/v2\/users\/1"}],"replies":[{"embeddable":true,"href":"https:\/\/shifton.com\/service\/wp-json\/wp\/v2\/comments?post=258"}],"version-history":[{"count":0,"href":"https:\/\/shifton.com\/service\/wp-json\/wp\/v2\/pages\/258\/revisions"}],"wp:attachment":[{"href":"https:\/\/shifton.com\/service\/wp-json\/wp\/v2\/media?parent=258"}],"curies":[{"name":"wp","href":"https:\/\/api.w.org\/{rel}","templated":true}]}}