{"id":245,"date":"2026-03-19T06:40:48","date_gmt":"2026-03-19T04:40:48","guid":{"rendered":"https:\/\/shifton.local\/home-cs\/"},"modified":"2026-04-11T03:06:46","modified_gmt":"2026-04-11T00:06:46","slug":"home","status":"publish","type":"page","link":"https:\/\/shifton.com\/service\/cs\/","title":{"rendered":"Dom\u016f"},"content":{"rendered":"","protected":false},"excerpt":{"rendered":"","protected":false},"author":1,"featured_media":0,"parent":0,"menu_order":0,"comment_status":"closed","ping_status":"closed","template":"","meta":{"_seopress_robots_primary_cat":"","_seopress_titles_title":"Shifton software pro \u0159\u00edzen\u00ed ter\u00e9nn\u00edch slu\u017eeb","_seopress_titles_desc":"Software pro \u0159\u00edzen\u00ed ter\u00e9nn\u00edch slu\u017eeb, kter\u00fd pom\u00e1h\u00e1 pl\u00e1novat zak\u00e1zky, vys\u00edlat techniky, sledovat pr\u016fb\u011bh a uzav\u00edrat pracovn\u00ed p\u0159\u00edkazy z jedn\u00e9 mobiln\u00ed platformy.","_seopress_robots_index":"","footnotes":""},"class_list":["post-245","page","type-page","status-publish","hentry"],"lang":"cs","translations":{"cs":245,"en":9,"de":220,"es":221,"fr":222,"it":223,"pt":224,"nl":225,"pl":226,"ru":227,"uk":228,"tr":229,"ar":230,"he":231,"zh":232,"ja":233,"ko":234,"hi":235,"bn":236,"th":237,"vi":238,"id":239,"tl":240,"sv":241,"nb":242,"da":243,"fi":244,"sk":246,"hu":247,"ro":248,"bg":249,"hr":250,"sl":251,"et":252,"lv":253,"lt":254,"el":255,"mk":256,"kk":257,"az":258,"af":259},"pll_sync_post":[],"_links":{"self":[{"href":"https:\/\/shifton.com\/service\/wp-json\/wp\/v2\/pages\/245","targetHints":{"allow":["GET"]}}],"collection":[{"href":"https:\/\/shifton.com\/service\/wp-json\/wp\/v2\/pages"}],"about":[{"href":"https:\/\/shifton.com\/service\/wp-json\/wp\/v2\/types\/page"}],"author":[{"embeddable":true,"href":"https:\/\/shifton.com\/service\/wp-json\/wp\/v2\/users\/1"}],"replies":[{"embeddable":true,"href":"https:\/\/shifton.com\/service\/wp-json\/wp\/v2\/comments?post=245"}],"version-history":[{"count":0,"href":"https:\/\/shifton.com\/service\/wp-json\/wp\/v2\/pages\/245\/revisions"}],"wp:attachment":[{"href":"https:\/\/shifton.com\/service\/wp-json\/wp\/v2\/media?parent=245"}],"curies":[{"name":"wp","href":"https:\/\/api.w.org\/{rel}","templated":true}]}}