{"id":244,"date":"2026-03-19T06:40:48","date_gmt":"2026-03-19T04:40:48","guid":{"rendered":"https:\/\/shifton.local\/home-fi\/"},"modified":"2026-04-11T03:06:47","modified_gmt":"2026-04-11T00:06:47","slug":"home","status":"publish","type":"page","link":"https:\/\/shifton.com\/service\/fi\/","title":{"rendered":"Etusivu"},"content":{"rendered":"","protected":false},"excerpt":{"rendered":"","protected":false},"author":1,"featured_media":0,"parent":0,"menu_order":0,"comment_status":"closed","ping_status":"closed","template":"","meta":{"_seopress_robots_primary_cat":"","_seopress_titles_title":"Shifton kentt\u00e4palvelun hallinta - ty\u00f6nohjaus ja laskutus","_seopress_titles_desc":"Kentt\u00e4palvelun hallintaohjelmisto, jolla aikataulutat ty\u00f6t, ohjaat teknikot, seuraat etenemist\u00e4 ja suljet ty\u00f6m\u00e4\u00e4r\u00e4ykset yhdell\u00e4 mobiilialustalla.","_seopress_robots_index":"","footnotes":""},"class_list":["post-244","page","type-page","status-publish","hentry"],"lang":"fi","translations":{"fi":244,"en":9,"de":220,"es":221,"fr":222,"it":223,"pt":224,"nl":225,"pl":226,"ru":227,"uk":228,"tr":229,"ar":230,"he":231,"zh":232,"ja":233,"ko":234,"hi":235,"bn":236,"th":237,"vi":238,"id":239,"tl":240,"sv":241,"nb":242,"da":243,"cs":245,"sk":246,"hu":247,"ro":248,"bg":249,"hr":250,"sl":251,"et":252,"lv":253,"lt":254,"el":255,"mk":256,"kk":257,"az":258,"af":259},"pll_sync_post":[],"_links":{"self":[{"href":"https:\/\/shifton.com\/service\/wp-json\/wp\/v2\/pages\/244","targetHints":{"allow":["GET"]}}],"collection":[{"href":"https:\/\/shifton.com\/service\/wp-json\/wp\/v2\/pages"}],"about":[{"href":"https:\/\/shifton.com\/service\/wp-json\/wp\/v2\/types\/page"}],"author":[{"embeddable":true,"href":"https:\/\/shifton.com\/service\/wp-json\/wp\/v2\/users\/1"}],"replies":[{"embeddable":true,"href":"https:\/\/shifton.com\/service\/wp-json\/wp\/v2\/comments?post=244"}],"version-history":[{"count":0,"href":"https:\/\/shifton.com\/service\/wp-json\/wp\/v2\/pages\/244\/revisions"}],"wp:attachment":[{"href":"https:\/\/shifton.com\/service\/wp-json\/wp\/v2\/media?parent=244"}],"curies":[{"name":"wp","href":"https:\/\/api.w.org\/{rel}","templated":true}]}}