{"id":221,"date":"2026-03-19T06:40:47","date_gmt":"2026-03-19T04:40:47","guid":{"rendered":"https:\/\/shifton.local\/home-es\/"},"modified":"2026-04-11T03:06:47","modified_gmt":"2026-04-11T00:06:47","slug":"home","status":"publish","type":"page","link":"https:\/\/shifton.com\/service\/es\/","title":{"rendered":"Inicio"},"content":{"rendered":"","protected":false},"excerpt":{"rendered":"","protected":false},"author":1,"featured_media":0,"parent":0,"menu_order":0,"comment_status":"closed","ping_status":"closed","template":"","meta":{"_seopress_robots_primary_cat":"","_seopress_titles_title":"Software de gesti\u00f3n de servicio de campo - despacho y facturas","_seopress_titles_desc":"Software de gesti\u00f3n de servicio de campo para programar trabajos, despachar t\u00e9cnicos, seguir el progreso y cerrar \u00f3rdenes desde una plataforma m\u00f3vil.","_seopress_robots_index":"","footnotes":""},"class_list":["post-221","page","type-page","status-publish","hentry"],"lang":"es","translations":{"es":221,"en":9,"de":220,"fr":222,"it":223,"pt":224,"nl":225,"pl":226,"ru":227,"uk":228,"tr":229,"ar":230,"he":231,"zh":232,"ja":233,"ko":234,"hi":235,"bn":236,"th":237,"vi":238,"id":239,"tl":240,"sv":241,"nb":242,"da":243,"fi":244,"cs":245,"sk":246,"hu":247,"ro":248,"bg":249,"hr":250,"sl":251,"et":252,"lv":253,"lt":254,"el":255,"mk":256,"kk":257,"az":258,"af":259},"pll_sync_post":[],"_links":{"self":[{"href":"https:\/\/shifton.com\/service\/wp-json\/wp\/v2\/pages\/221","targetHints":{"allow":["GET"]}}],"collection":[{"href":"https:\/\/shifton.com\/service\/wp-json\/wp\/v2\/pages"}],"about":[{"href":"https:\/\/shifton.com\/service\/wp-json\/wp\/v2\/types\/page"}],"author":[{"embeddable":true,"href":"https:\/\/shifton.com\/service\/wp-json\/wp\/v2\/users\/1"}],"replies":[{"embeddable":true,"href":"https:\/\/shifton.com\/service\/wp-json\/wp\/v2\/comments?post=221"}],"version-history":[{"count":0,"href":"https:\/\/shifton.com\/service\/wp-json\/wp\/v2\/pages\/221\/revisions"}],"wp:attachment":[{"href":"https:\/\/shifton.com\/service\/wp-json\/wp\/v2\/media?parent=221"}],"curies":[{"name":"wp","href":"https:\/\/api.w.org\/{rel}","templated":true}]}}