{"id":218,"date":"2026-03-19T06:40:47","date_gmt":"2026-03-19T04:40:47","guid":{"rendered":"https:\/\/shifton.local\/about-az\/"},"modified":"2026-04-11T03:06:46","modified_gmt":"2026-04-11T00:06:46","slug":"about-us","status":"publish","type":"page","link":"https:\/\/shifton.com\/service\/az\/about-us\/","title":{"rendered":"Haqq\u0131m\u0131zda"},"content":{"rendered":"","protected":false},"excerpt":{"rendered":"","protected":false},"author":1,"featured_media":0,"parent":0,"menu_order":0,"comment_status":"closed","ping_status":"closed","template":"page-about.php","meta":{"_seopress_robots_primary_cat":"","_seopress_titles_title":"Shifton Sah\u0259 xidm\u0259ti haqq\u0131nda - Hekay\u0259miz v\u0259 missiyam\u0131z","_seopress_titles_desc":"Shifton Sah\u0259 xidm\u0259ti haqq\u0131nda \u00f6yr\u0259nin - d\u00fcnya \u00fczr\u0259 sah\u0259 xidm\u0259ti komandalar\u0131n\u0131 planlamaq, y\u00f6nl\u0259ndirm\u0259k v\u0259 idar\u0259 etm\u0259k \u00fc\u00e7\u00fcn ham\u0131s\u0131 bir arada platforman\u0131n arxas\u0131ndak\u0131 komanda.","_seopress_robots_index":"","footnotes":""},"class_list":["post-218","page","type-page","status-publish","hentry"],"lang":"az","translations":{"az":218,"en":106,"de":180,"es":181,"fr":182,"it":183,"pt":184,"nl":185,"pl":186,"ru":187,"uk":188,"tr":189,"ar":190,"he":191,"zh":192,"ja":193,"ko":194,"hi":195,"bn":196,"th":197,"vi":198,"id":199,"tl":200,"sv":201,"nb":202,"da":203,"fi":204,"cs":205,"sk":206,"hu":207,"ro":208,"bg":209,"hr":210,"sl":211,"et":212,"lv":213,"lt":214,"el":215,"mk":216,"kk":217,"af":219},"pll_sync_post":[],"_links":{"self":[{"href":"https:\/\/shifton.com\/service\/wp-json\/wp\/v2\/pages\/218","targetHints":{"allow":["GET"]}}],"collection":[{"href":"https:\/\/shifton.com\/service\/wp-json\/wp\/v2\/pages"}],"about":[{"href":"https:\/\/shifton.com\/service\/wp-json\/wp\/v2\/types\/page"}],"author":[{"embeddable":true,"href":"https:\/\/shifton.com\/service\/wp-json\/wp\/v2\/users\/1"}],"replies":[{"embeddable":true,"href":"https:\/\/shifton.com\/service\/wp-json\/wp\/v2\/comments?post=218"}],"version-history":[{"count":0,"href":"https:\/\/shifton.com\/service\/wp-json\/wp\/v2\/pages\/218\/revisions"}],"wp:attachment":[{"href":"https:\/\/shifton.com\/service\/wp-json\/wp\/v2\/media?parent=218"}],"curies":[{"name":"wp","href":"https:\/\/api.w.org\/{rel}","templated":true}]}}