{"id":213,"date":"2026-03-19T06:40:47","date_gmt":"2026-03-19T04:40:47","guid":{"rendered":"https:\/\/shifton.local\/about-lv\/"},"modified":"2026-04-11T03:06:49","modified_gmt":"2026-04-11T00:06:49","slug":"about-us","status":"publish","type":"page","link":"https:\/\/shifton.com\/service\/lv\/about-us\/","title":{"rendered":"Par mums"},"content":{"rendered":"","protected":false},"excerpt":{"rendered":"","protected":false},"author":1,"featured_media":0,"parent":0,"menu_order":0,"comment_status":"closed","ping_status":"closed","template":"page-about.php","meta":{"_seopress_robots_primary_cat":"","_seopress_titles_title":"Par Shifton lauka pakalpojumiem \u2014 m\u016bsu st\u0101sts un misija","_seopress_titles_desc":"Uzziniet par Shifton lauka pakalpojumiem \u2014 komandu aiz vienot\u0101s platformas pl\u0101no\u0161anai, dispe\u010d\u0113\u0161anai un lauka komandu vad\u012bbai vis\u0101 pasaul\u0113.","_seopress_robots_index":"","footnotes":""},"class_list":["post-213","page","type-page","status-publish","hentry"],"lang":"lv","translations":{"lv":213,"en":106,"de":180,"es":181,"fr":182,"it":183,"pt":184,"nl":185,"pl":186,"ru":187,"uk":188,"tr":189,"ar":190,"he":191,"zh":192,"ja":193,"ko":194,"hi":195,"bn":196,"th":197,"vi":198,"id":199,"tl":200,"sv":201,"nb":202,"da":203,"fi":204,"cs":205,"sk":206,"hu":207,"ro":208,"bg":209,"hr":210,"sl":211,"et":212,"lt":214,"el":215,"mk":216,"kk":217,"az":218,"af":219},"pll_sync_post":[],"_links":{"self":[{"href":"https:\/\/shifton.com\/service\/wp-json\/wp\/v2\/pages\/213","targetHints":{"allow":["GET"]}}],"collection":[{"href":"https:\/\/shifton.com\/service\/wp-json\/wp\/v2\/pages"}],"about":[{"href":"https:\/\/shifton.com\/service\/wp-json\/wp\/v2\/types\/page"}],"author":[{"embeddable":true,"href":"https:\/\/shifton.com\/service\/wp-json\/wp\/v2\/users\/1"}],"replies":[{"embeddable":true,"href":"https:\/\/shifton.com\/service\/wp-json\/wp\/v2\/comments?post=213"}],"version-history":[{"count":0,"href":"https:\/\/shifton.com\/service\/wp-json\/wp\/v2\/pages\/213\/revisions"}],"wp:attachment":[{"href":"https:\/\/shifton.com\/service\/wp-json\/wp\/v2\/media?parent=213"}],"curies":[{"name":"wp","href":"https:\/\/api.w.org\/{rel}","templated":true}]}}