{"id":207,"date":"2026-03-19T06:40:47","date_gmt":"2026-03-19T04:40:47","guid":{"rendered":"https:\/\/shifton.local\/about-hu\/"},"modified":"2026-04-11T03:06:48","modified_gmt":"2026-04-11T00:06:48","slug":"about-us","status":"publish","type":"page","link":"https:\/\/shifton.com\/service\/hu\/about-us\/","title":{"rendered":"R\u00f3lunk"},"content":{"rendered":"","protected":false},"excerpt":{"rendered":"","protected":false},"author":1,"featured_media":0,"parent":0,"menu_order":0,"comment_status":"closed","ping_status":"closed","template":"page-about.php","meta":{"_seopress_robots_primary_cat":"","_seopress_titles_title":"A Shifton szervizr\u0151l - T\u00f6rt\u00e9net\u00fcnk \u00e9s k\u00fcldet\u00e9s\u00fcnk","_seopress_titles_desc":"Ismerje meg a Shifton szervizt - a csapatot az all-in-one platform m\u00f6g\u00f6tt, amely vil\u00e1gszerte seg\u00edti a szervizcsapatok \u00fctemez\u00e9s\u00e9t, kik\u00fcld\u00e9s\u00e9t \u00e9s kezel\u00e9s\u00e9t.","_seopress_robots_index":"","footnotes":""},"class_list":["post-207","page","type-page","status-publish","hentry"],"lang":"hu","translations":{"hu":207,"en":106,"de":180,"es":181,"fr":182,"it":183,"pt":184,"nl":185,"pl":186,"ru":187,"uk":188,"tr":189,"ar":190,"he":191,"zh":192,"ja":193,"ko":194,"hi":195,"bn":196,"th":197,"vi":198,"id":199,"tl":200,"sv":201,"nb":202,"da":203,"fi":204,"cs":205,"sk":206,"ro":208,"bg":209,"hr":210,"sl":211,"et":212,"lv":213,"lt":214,"el":215,"mk":216,"kk":217,"az":218,"af":219},"pll_sync_post":[],"_links":{"self":[{"href":"https:\/\/shifton.com\/service\/wp-json\/wp\/v2\/pages\/207","targetHints":{"allow":["GET"]}}],"collection":[{"href":"https:\/\/shifton.com\/service\/wp-json\/wp\/v2\/pages"}],"about":[{"href":"https:\/\/shifton.com\/service\/wp-json\/wp\/v2\/types\/page"}],"author":[{"embeddable":true,"href":"https:\/\/shifton.com\/service\/wp-json\/wp\/v2\/users\/1"}],"replies":[{"embeddable":true,"href":"https:\/\/shifton.com\/service\/wp-json\/wp\/v2\/comments?post=207"}],"version-history":[{"count":0,"href":"https:\/\/shifton.com\/service\/wp-json\/wp\/v2\/pages\/207\/revisions"}],"wp:attachment":[{"href":"https:\/\/shifton.com\/service\/wp-json\/wp\/v2\/media?parent=207"}],"curies":[{"name":"wp","href":"https:\/\/api.w.org\/{rel}","templated":true}]}}