{"id":182,"date":"2026-03-19T06:40:46","date_gmt":"2026-03-19T04:40:46","guid":{"rendered":"https:\/\/shifton.local\/about-fr\/"},"modified":"2026-04-11T03:16:09","modified_gmt":"2026-04-11T00:16:09","slug":"about-us","status":"publish","type":"page","link":"https:\/\/shifton.com\/service\/fr\/about-us\/","title":{"rendered":"\u00c0 propos"},"content":{"rendered":"","protected":false},"excerpt":{"rendered":"","protected":false},"author":1,"featured_media":0,"parent":0,"menu_order":0,"comment_status":"closed","ping_status":"closed","template":"page-about.php","meta":{"_seopress_robots_primary_cat":"","_seopress_titles_title":"\u00c0 propos de Shifton services terrain","_seopress_titles_desc":"D\u00e9couvrez Shifton services terrain : l\u2019\u00e9quipe derri\u00e8re la plateforme tout-en-un pour planifier, r\u00e9partir et g\u00e9rer les \u00e9quipes terrain.","_seopress_robots_index":"","footnotes":""},"class_list":["post-182","page","type-page","status-publish","hentry"],"lang":"fr","translations":{"fr":182,"en":106,"de":180,"es":181,"it":183,"pt":184,"nl":185,"pl":186,"ru":187,"uk":188,"tr":189,"ar":190,"he":191,"zh":192,"ja":193,"ko":194,"hi":195,"bn":196,"th":197,"vi":198,"id":199,"tl":200,"sv":201,"nb":202,"da":203,"fi":204,"cs":205,"sk":206,"hu":207,"ro":208,"bg":209,"hr":210,"sl":211,"et":212,"lv":213,"lt":214,"el":215,"mk":216,"kk":217,"az":218,"af":219},"pll_sync_post":[],"_links":{"self":[{"href":"https:\/\/shifton.com\/service\/wp-json\/wp\/v2\/pages\/182","targetHints":{"allow":["GET"]}}],"collection":[{"href":"https:\/\/shifton.com\/service\/wp-json\/wp\/v2\/pages"}],"about":[{"href":"https:\/\/shifton.com\/service\/wp-json\/wp\/v2\/types\/page"}],"author":[{"embeddable":true,"href":"https:\/\/shifton.com\/service\/wp-json\/wp\/v2\/users\/1"}],"replies":[{"embeddable":true,"href":"https:\/\/shifton.com\/service\/wp-json\/wp\/v2\/comments?post=182"}],"version-history":[{"count":0,"href":"https:\/\/shifton.com\/service\/wp-json\/wp\/v2\/pages\/182\/revisions"}],"wp:attachment":[{"href":"https:\/\/shifton.com\/service\/wp-json\/wp\/v2\/media?parent=182"}],"curies":[{"name":"wp","href":"https:\/\/api.w.org\/{rel}","templated":true}]}}