{"id":178,"date":"2026-03-19T06:40:46","date_gmt":"2026-03-19T04:40:46","guid":{"rendered":"https:\/\/shifton.local\/pricing-az\/"},"modified":"2026-04-11T03:06:46","modified_gmt":"2026-04-11T00:06:46","slug":"pricing","status":"publish","type":"page","link":"https:\/\/shifton.com\/service\/az\/pricing\/","title":{"rendered":"Qiym\u0259tl\u0259r"},"content":{"rendered":"","protected":false},"excerpt":{"rendered":"","protected":false},"author":1,"featured_media":0,"parent":0,"menu_order":0,"comment_status":"closed","ping_status":"closed","template":"page-pricing.php","meta":{"_seopress_robots_primary_cat":"","_seopress_titles_title":"Shifton Sah\u0259 xidm\u0259ti qiym\u0259tl\u0259ri - Planlar v\u0259 x\u0259rcl\u0259r","_seopress_titles_desc":"Shifton qiym\u0259t planlar\u0131na bax\u0131n - 2 \u00fczv \u00fc\u00e7\u00fcn pulsuz plan, 55 g\u00fcnl\u00fck s\u0131naq v\u0259 ayl\u0131q $1-dan ba\u015flayan \u00e7evik i\u015f\u00e7i \u0259sasl\u0131 qiym\u0259tl\u0259r.","_seopress_robots_index":"","footnotes":""},"class_list":["post-178","page","type-page","status-publish","hentry"],"lang":"az","translations":{"az":178,"en":101,"de":140,"es":141,"fr":142,"it":143,"pt":144,"nl":145,"pl":146,"ru":147,"uk":148,"tr":149,"ar":150,"he":151,"zh":152,"ja":153,"ko":154,"hi":155,"bn":156,"th":157,"vi":158,"id":159,"tl":160,"sv":161,"nb":162,"da":163,"fi":164,"cs":165,"sk":166,"hu":167,"ro":168,"bg":169,"hr":170,"sl":171,"et":172,"lv":173,"lt":174,"el":175,"mk":176,"kk":177,"af":179},"pll_sync_post":[],"_links":{"self":[{"href":"https:\/\/shifton.com\/service\/wp-json\/wp\/v2\/pages\/178","targetHints":{"allow":["GET"]}}],"collection":[{"href":"https:\/\/shifton.com\/service\/wp-json\/wp\/v2\/pages"}],"about":[{"href":"https:\/\/shifton.com\/service\/wp-json\/wp\/v2\/types\/page"}],"author":[{"embeddable":true,"href":"https:\/\/shifton.com\/service\/wp-json\/wp\/v2\/users\/1"}],"replies":[{"embeddable":true,"href":"https:\/\/shifton.com\/service\/wp-json\/wp\/v2\/comments?post=178"}],"version-history":[{"count":0,"href":"https:\/\/shifton.com\/service\/wp-json\/wp\/v2\/pages\/178\/revisions"}],"wp:attachment":[{"href":"https:\/\/shifton.com\/service\/wp-json\/wp\/v2\/media?parent=178"}],"curies":[{"name":"wp","href":"https:\/\/api.w.org\/{rel}","templated":true}]}}