{"id":172,"date":"2026-03-19T06:40:46","date_gmt":"2026-03-19T04:40:46","guid":{"rendered":"https:\/\/shifton.local\/pricing-et\/"},"modified":"2026-04-11T03:16:09","modified_gmt":"2026-04-11T00:16:09","slug":"pricing","status":"publish","type":"page","link":"https:\/\/shifton.com\/service\/et\/pricing\/","title":{"rendered":"Hinnakujundus"},"content":{"rendered":"","protected":false},"excerpt":{"rendered":"","protected":false},"author":1,"featured_media":0,"parent":0,"menu_order":0,"comment_status":"closed","ping_status":"closed","template":"page-pricing.php","meta":{"_seopress_robots_primary_cat":"","_seopress_titles_title":"Shifton v\u00e4lit\u00f6\u00f6de hinnad - paketid ja kulud","_seopress_titles_desc":"Vaata Shiftoni hinnapakette - tasuta pakett 2 liikmele, 55-p\u00e4evane prooviperiood ja paindlik t\u00f6\u00f6tajap\u00f5hine hind alates $1\/kuus.","_seopress_robots_index":"","footnotes":""},"class_list":["post-172","page","type-page","status-publish","hentry"],"lang":"et","translations":{"et":172,"en":101,"de":140,"es":141,"fr":142,"it":143,"pt":144,"nl":145,"pl":146,"ru":147,"uk":148,"tr":149,"ar":150,"he":151,"zh":152,"ja":153,"ko":154,"hi":155,"bn":156,"th":157,"vi":158,"id":159,"tl":160,"sv":161,"nb":162,"da":163,"fi":164,"cs":165,"sk":166,"hu":167,"ro":168,"bg":169,"hr":170,"sl":171,"lv":173,"lt":174,"el":175,"mk":176,"kk":177,"az":178,"af":179},"pll_sync_post":[],"_links":{"self":[{"href":"https:\/\/shifton.com\/service\/wp-json\/wp\/v2\/pages\/172","targetHints":{"allow":["GET"]}}],"collection":[{"href":"https:\/\/shifton.com\/service\/wp-json\/wp\/v2\/pages"}],"about":[{"href":"https:\/\/shifton.com\/service\/wp-json\/wp\/v2\/types\/page"}],"author":[{"embeddable":true,"href":"https:\/\/shifton.com\/service\/wp-json\/wp\/v2\/users\/1"}],"replies":[{"embeddable":true,"href":"https:\/\/shifton.com\/service\/wp-json\/wp\/v2\/comments?post=172"}],"version-history":[{"count":0,"href":"https:\/\/shifton.com\/service\/wp-json\/wp\/v2\/pages\/172\/revisions"}],"wp:attachment":[{"href":"https:\/\/shifton.com\/service\/wp-json\/wp\/v2\/media?parent=172"}],"curies":[{"name":"wp","href":"https:\/\/api.w.org\/{rel}","templated":true}]}}