{"id":166,"date":"2026-03-19T06:40:45","date_gmt":"2026-03-19T04:40:45","guid":{"rendered":"https:\/\/shifton.local\/pricing-sk\/"},"modified":"2026-04-11T03:06:50","modified_gmt":"2026-04-11T00:06:50","slug":"pricing","status":"publish","type":"page","link":"https:\/\/shifton.com\/service\/sk\/pricing\/","title":{"rendered":"Cenn\u00edk"},"content":{"rendered":"","protected":false},"excerpt":{"rendered":"","protected":false},"author":1,"featured_media":0,"parent":0,"menu_order":0,"comment_status":"closed","ping_status":"closed","template":"page-pricing.php","meta":{"_seopress_robots_primary_cat":"","_seopress_titles_title":"Shifton ceny pre ter\u00e9nne slu\u017eby - pl\u00e1ny a n\u00e1klady","_seopress_titles_desc":"Pozrite si cenov\u00e9 pl\u00e1ny Shifton - bezplatn\u00fd pl\u00e1n pre 2 \u010dlenov, 55-d\u0148ov\u00e1 sk\u00fa\u0161obn\u00e1 verzia a flexibiln\u00e9 ceny od $1\/mesiac za zamestnanca.","_seopress_robots_index":"","footnotes":""},"class_list":["post-166","page","type-page","status-publish","hentry"],"lang":"sk","translations":{"sk":166,"en":101,"de":140,"es":141,"fr":142,"it":143,"pt":144,"nl":145,"pl":146,"ru":147,"uk":148,"tr":149,"ar":150,"he":151,"zh":152,"ja":153,"ko":154,"hi":155,"bn":156,"th":157,"vi":158,"id":159,"tl":160,"sv":161,"nb":162,"da":163,"fi":164,"cs":165,"hu":167,"ro":168,"bg":169,"hr":170,"sl":171,"et":172,"lv":173,"lt":174,"el":175,"mk":176,"kk":177,"az":178,"af":179},"pll_sync_post":[],"_links":{"self":[{"href":"https:\/\/shifton.com\/service\/wp-json\/wp\/v2\/pages\/166","targetHints":{"allow":["GET"]}}],"collection":[{"href":"https:\/\/shifton.com\/service\/wp-json\/wp\/v2\/pages"}],"about":[{"href":"https:\/\/shifton.com\/service\/wp-json\/wp\/v2\/types\/page"}],"author":[{"embeddable":true,"href":"https:\/\/shifton.com\/service\/wp-json\/wp\/v2\/users\/1"}],"replies":[{"embeddable":true,"href":"https:\/\/shifton.com\/service\/wp-json\/wp\/v2\/comments?post=166"}],"version-history":[{"count":0,"href":"https:\/\/shifton.com\/service\/wp-json\/wp\/v2\/pages\/166\/revisions"}],"wp:attachment":[{"href":"https:\/\/shifton.com\/service\/wp-json\/wp\/v2\/media?parent=166"}],"curies":[{"name":"wp","href":"https:\/\/api.w.org\/{rel}","templated":true}]}}