{"id":158,"date":"2026-03-19T06:40:45","date_gmt":"2026-03-19T04:40:45","guid":{"rendered":"https:\/\/shifton.local\/pricing-vi\/"},"modified":"2026-04-11T03:06:51","modified_gmt":"2026-04-11T00:06:51","slug":"pricing","status":"publish","type":"page","link":"https:\/\/shifton.com\/service\/vi\/pricing\/","title":{"rendered":"B\u1ea3ng gi\u00e1"},"content":{"rendered":"","protected":false},"excerpt":{"rendered":"","protected":false},"author":1,"featured_media":0,"parent":0,"menu_order":0,"comment_status":"closed","ping_status":"closed","template":"page-pricing.php","meta":{"_seopress_robots_primary_cat":"","_seopress_titles_title":"Shifton gi\u00e1 d\u1ecbch v\u1ee5 hi\u1ec7n tr\u01b0\u1eddng - G\u00f3i v\u00e0 chi ph\u00ed","_seopress_titles_desc":"Xem c\u00e1c g\u00f3i gi\u00e1 c\u1ee7a Shifton - g\u00f3i mi\u1ec5n ph\u00ed cho 2 th\u00e0nh vi\u00ean, d\u00f9ng th\u1eed 55 ng\u00e0y v\u00e0 gi\u00e1 linh ho\u1ea1t theo nh\u00e2n vi\u00ean t\u1eeb $1\/th\u00e1ng.","_seopress_robots_index":"","footnotes":""},"class_list":["post-158","page","type-page","status-publish","hentry"],"lang":"vi","translations":{"vi":158,"en":101,"de":140,"es":141,"fr":142,"it":143,"pt":144,"nl":145,"pl":146,"ru":147,"uk":148,"tr":149,"ar":150,"he":151,"zh":152,"ja":153,"ko":154,"hi":155,"bn":156,"th":157,"id":159,"tl":160,"sv":161,"nb":162,"da":163,"fi":164,"cs":165,"sk":166,"hu":167,"ro":168,"bg":169,"hr":170,"sl":171,"et":172,"lv":173,"lt":174,"el":175,"mk":176,"kk":177,"az":178,"af":179},"pll_sync_post":[],"_links":{"self":[{"href":"https:\/\/shifton.com\/service\/wp-json\/wp\/v2\/pages\/158","targetHints":{"allow":["GET"]}}],"collection":[{"href":"https:\/\/shifton.com\/service\/wp-json\/wp\/v2\/pages"}],"about":[{"href":"https:\/\/shifton.com\/service\/wp-json\/wp\/v2\/types\/page"}],"author":[{"embeddable":true,"href":"https:\/\/shifton.com\/service\/wp-json\/wp\/v2\/users\/1"}],"replies":[{"embeddable":true,"href":"https:\/\/shifton.com\/service\/wp-json\/wp\/v2\/comments?post=158"}],"version-history":[{"count":0,"href":"https:\/\/shifton.com\/service\/wp-json\/wp\/v2\/pages\/158\/revisions"}],"wp:attachment":[{"href":"https:\/\/shifton.com\/service\/wp-json\/wp\/v2\/media?parent=158"}],"curies":[{"name":"wp","href":"https:\/\/api.w.org\/{rel}","templated":true}]}}