{"id":149,"date":"2026-03-19T06:40:45","date_gmt":"2026-03-19T04:40:45","guid":{"rendered":"https:\/\/shifton.local\/pricing-tr\/"},"modified":"2026-04-11T03:06:51","modified_gmt":"2026-04-11T00:06:51","slug":"pricing","status":"publish","type":"page","link":"https:\/\/shifton.com\/service\/tr\/pricing\/","title":{"rendered":"Fiyatland\u0131rma"},"content":{"rendered":"","protected":false},"excerpt":{"rendered":"","protected":false},"author":1,"featured_media":0,"parent":0,"menu_order":0,"comment_status":"closed","ping_status":"closed","template":"page-pricing.php","meta":{"_seopress_robots_primary_cat":"","_seopress_titles_title":"Shifton Saha Servis Fiyatlar\u0131 - Planlar ve \u00dccretler","_seopress_titles_desc":"Shifton fiyat planlar\u0131n\u0131 inceleyin - 2 \u00fcyeye kadar \u00fccretsiz plan, 55 g\u00fcnl\u00fck deneme ve ayl\u0131k $1'dan ba\u015flayan esnek \u00e7al\u0131\u015fan ba\u015f\u0131 fiyatland\u0131rma.","_seopress_robots_index":"","footnotes":""},"class_list":["post-149","page","type-page","status-publish","hentry"],"lang":"tr","translations":{"tr":149,"en":101,"de":140,"es":141,"fr":142,"it":143,"pt":144,"nl":145,"pl":146,"ru":147,"uk":148,"ar":150,"he":151,"zh":152,"ja":153,"ko":154,"hi":155,"bn":156,"th":157,"vi":158,"id":159,"tl":160,"sv":161,"nb":162,"da":163,"fi":164,"cs":165,"sk":166,"hu":167,"ro":168,"bg":169,"hr":170,"sl":171,"et":172,"lv":173,"lt":174,"el":175,"mk":176,"kk":177,"az":178,"af":179},"pll_sync_post":[],"_links":{"self":[{"href":"https:\/\/shifton.com\/service\/wp-json\/wp\/v2\/pages\/149","targetHints":{"allow":["GET"]}}],"collection":[{"href":"https:\/\/shifton.com\/service\/wp-json\/wp\/v2\/pages"}],"about":[{"href":"https:\/\/shifton.com\/service\/wp-json\/wp\/v2\/types\/page"}],"author":[{"embeddable":true,"href":"https:\/\/shifton.com\/service\/wp-json\/wp\/v2\/users\/1"}],"replies":[{"embeddable":true,"href":"https:\/\/shifton.com\/service\/wp-json\/wp\/v2\/comments?post=149"}],"version-history":[{"count":0,"href":"https:\/\/shifton.com\/service\/wp-json\/wp\/v2\/pages\/149\/revisions"}],"wp:attachment":[{"href":"https:\/\/shifton.com\/service\/wp-json\/wp\/v2\/media?parent=149"}],"curies":[{"name":"wp","href":"https:\/\/api.w.org\/{rel}","templated":true}]}}