{"id":140,"date":"2026-03-19T06:40:45","date_gmt":"2026-03-19T04:40:45","guid":{"rendered":"https:\/\/shifton.local\/pricing-de\/"},"modified":"2026-04-11T03:06:47","modified_gmt":"2026-04-11T00:06:47","slug":"pricing","status":"publish","type":"page","link":"https:\/\/shifton.com\/service\/de\/pricing\/","title":{"rendered":"Preise"},"content":{"rendered":"","protected":false},"excerpt":{"rendered":"","protected":false},"author":1,"featured_media":0,"parent":0,"menu_order":0,"comment_status":"closed","ping_status":"closed","template":"page-pricing.php","meta":{"_seopress_robots_primary_cat":"","_seopress_titles_title":"Shifton Preise f\u00fcr Au\u00dfendienstmanagement","_seopress_titles_desc":"Entdecken Sie die Shifton Tarife: kostenlos f\u00fcr 2 Nutzer, 55 Tage Testphase und flexible Preise ab $1\/Monat pro Mitarbeiter.","_seopress_robots_index":"","footnotes":""},"class_list":["post-140","page","type-page","status-publish","hentry"],"lang":"de","translations":{"de":140,"en":101,"es":141,"fr":142,"it":143,"pt":144,"nl":145,"pl":146,"ru":147,"uk":148,"tr":149,"ar":150,"he":151,"zh":152,"ja":153,"ko":154,"hi":155,"bn":156,"th":157,"vi":158,"id":159,"tl":160,"sv":161,"nb":162,"da":163,"fi":164,"cs":165,"sk":166,"hu":167,"ro":168,"bg":169,"hr":170,"sl":171,"et":172,"lv":173,"lt":174,"el":175,"mk":176,"kk":177,"az":178,"af":179},"pll_sync_post":[],"_links":{"self":[{"href":"https:\/\/shifton.com\/service\/wp-json\/wp\/v2\/pages\/140","targetHints":{"allow":["GET"]}}],"collection":[{"href":"https:\/\/shifton.com\/service\/wp-json\/wp\/v2\/pages"}],"about":[{"href":"https:\/\/shifton.com\/service\/wp-json\/wp\/v2\/types\/page"}],"author":[{"embeddable":true,"href":"https:\/\/shifton.com\/service\/wp-json\/wp\/v2\/users\/1"}],"replies":[{"embeddable":true,"href":"https:\/\/shifton.com\/service\/wp-json\/wp\/v2\/comments?post=140"}],"version-history":[{"count":0,"href":"https:\/\/shifton.com\/service\/wp-json\/wp\/v2\/pages\/140\/revisions"}],"wp:attachment":[{"href":"https:\/\/shifton.com\/service\/wp-json\/wp\/v2\/media?parent=140"}],"curies":[{"name":"wp","href":"https:\/\/api.w.org\/{rel}","templated":true}]}}